{"id":4181,"date":"2021-11-18T19:29:41","date_gmt":"2021-11-18T19:29:41","guid":{"rendered":"https:\/\/attmonitor.org\/lutter-contre-la-terreur\/"},"modified":"2021-11-29T12:09:12","modified_gmt":"2021-11-29T12:09:12","slug":"lutter-contre-la-terreur","status":"publish","type":"page","link":"https:\/\/attmonitor.org\/fr\/lutter-contre-la-terreur\/","title":{"rendered":"Lutter Contre La Terreur"},"content":{"rendered":"<p>[et_pb_section fb_built=\u00a0\u00bb1&Prime; fullwidth=\u00a0\u00bbon\u00a0\u00bb _builder_version=\u00a0\u00bb4.5.1&Prime; _module_preset=\u00a0\u00bbdefault\u00a0\u00bb locked=\u00a0\u00bboff\u00a0\u00bb][et_pb_fullwidth_image src=\u00a0\u00bbhttps:\/\/attmonitor.org\/wp-content\/uploads\/2020\/07\/b-e1595570238700.png\u00a0\u00bb title_text=\u00a0\u00bbb\u00a0\u00bb _builder_version=\u00a0\u00bb4.5.1&Prime; _module_preset=\u00a0\u00bbdefault\u00a0\u00bb][\/et_pb_fullwidth_image][\/et_pb_section][et_pb_section fb_built=\u00a0\u00bb1&Prime; _builder_version=\u00a0\u00bb4.5.1&Prime; _module_preset=\u00a0\u00bbdefault\u00a0\u00bb custom_padding=\u00a0\u00bb||0px|||\u00a0\u00bb locked=\u00a0\u00bboff\u00a0\u00bb][et_pb_row _builder_version=\u00a0\u00bb4.5.1&Prime; _module_preset=\u00a0\u00bbdefault\u00a0\u00bb custom_padding=\u00a0\u00bb||0px|||\u00a0\u00bb][et_pb_column type=\u00a0\u00bb4_4&Prime; _builder_version=\u00a0\u00bb4.5.1&Prime; _module_preset=\u00a0\u00bbdefault\u00a0\u00bb][et_pb_post_title meta=\u00a0\u00bboff\u00a0\u00bb featured_image=\u00a0\u00bboff\u00a0\u00bb _builder_version=\u00a0\u00bb4.5.1&Prime; _module_preset=\u00a0\u00bbdefault\u00a0\u00bb hover_enabled=\u00a0\u00bb0&Prime; meta_font=\u00a0\u00bb|||on|||||\u00a0\u00bb title_font=\u00a0\u00bb|||on|||||\u00a0\u00bb][\/et_pb_post_title][et_pb_text admin_label=\u00a0\u00bbText\u00a0\u00bb _builder_version=\u00a0\u00bb4.5.1&Prime; _module_preset=\u00a0\u00bbdefault\u00a0\u00bb custom_margin=\u00a0\u00bb-24px|||||\u00a0\u00bb hover_enabled=\u00a0\u00bb0&Prime;]<\/p>\n<h4 class=\"entry-title line-title\">Comment utiliser le Trait\u00e9 sur le commerce des armes pour faire obstacle au d\u00e9tournement d\u2019armes et de munitions en Afrique Occidentale<\/h4>\n<p>[\/et_pb_text][et_pb_divider color=\u00a0\u00bb#e02b20&Prime; divider_weight=\u00a0\u00bb2px\u00a0\u00bb _builder_version=\u00a0\u00bb4.5.1&Prime; _module_preset=\u00a0\u00bbdefault\u00a0\u00bb width=\u00a0\u00bb15%\u00a0\u00bb][\/et_pb_divider][\/et_pb_column][\/et_pb_row][\/et_pb_section][et_pb_section fb_built=\u00a0\u00bb1&Prime; specialty=\u00a0\u00bbon\u00a0\u00bb _builder_version=\u00a0\u00bb4.5.1&Prime; _module_preset=\u00a0\u00bbdefault\u00a0\u00bb custom_padding=\u00a0\u00bb0px|||||\u00a0\u00bb locked=\u00a0\u00bboff\u00a0\u00bb][et_pb_column type=\u00a0\u00bb1_2&Prime; _builder_version=\u00a0\u00bb3.25&Prime; custom_padding=\u00a0\u00bb|||\u00a0\u00bb custom_padding__hover=\u00a0\u00bb|||\u00a0\u00bb][et_pb_text _builder_version=\u00a0\u00bb4.5.1&Prime; _module_preset=\u00a0\u00bbdefault\u00a0\u00bb width=\u00a0\u00bb124.3%\u00a0\u00bb custom_margin=\u00a0\u00bb-31px|-101px||||\u00a0\u00bb]<\/p>\n<div class=\"page\" title=\"Page 16\">\n<div class=\"layoutArea\">\n<div class=\"page\" title=\"Page 16\">\n<div class=\"layoutArea\">\n<div class=\"column\">\n<p>Le Le Trait\u00e9 sur le commerce des armes (TCA) peut \u00eatre un outil important pour lutter contre le flux d&rsquo;armes et de munitions terroristes et groupes arm\u00e9s en Afrique de l&rsquo;Ouest.<\/p>\n<p>Une nouvelle \u00e9tude de cas r\u00e9alis\u00e9e par le Moniteur du TCA montre que si les \u00c9tats appliquent fid\u00e8lement les obligations du TCA, et si le Trait\u00e9 est mis en \u0153uvre en tandem avec d&rsquo;autres instruments mondiaux et r\u00e9gionaux pertinents, ils pourraient avoir un impact significatif sur la fuite d&rsquo;armes entre les mains de groupes terroristes. Cela s&rsquo;inscrit dans un contexte de violence croissante contre les civils dans la r\u00e9gion, avec plus de 3700 civils tu\u00e9s par des groupes arm\u00e9s en Afrique de l&rsquo;Ouest rien qu&rsquo;en 2014.<\/p>\n<p>L&rsquo;\u00e9tude de cas examine trois exemples de r\u00e9seaux complexes de prolif\u00e9ration des armes en Afrique de l&rsquo;Ouest:<\/p>\n<ul>\n<li>Boko Haram au Nig\u00e9ria et dans les pays voisins<\/li>\n<li>AQIM et autres acteurs arm\u00e9s au Mali<\/li>\n<li>Forces nouvelles et autres groupes arm\u00e9s en C\u00f4te d\u2019Ivoire.<\/li>\n<\/ul>\n<\/div>\n<\/div>\n<\/div>\n<\/div>\n<\/div>\n<p>[\/et_pb_text][\/et_pb_column][et_pb_column type=\u00a0\u00bb1_2&Prime; specialty_columns=\u00a0\u00bb2&Prime; _builder_version=\u00a0\u00bb3.25&Prime; custom_padding=\u00a0\u00bb|||\u00a0\u00bb custom_padding__hover=\u00a0\u00bb|||\u00a0\u00bb][et_pb_row_inner _builder_version=\u00a0\u00bb4.5.1&Prime; _module_preset=\u00a0\u00bbdefault\u00a0\u00bb width=\u00a0\u00bb100%\u00a0\u00bb custom_padding=\u00a0\u00bb4px|||74px||\u00a0\u00bb][et_pb_column_inner saved_specialty_column_type=\u00a0\u00bb1_2&Prime; _builder_version=\u00a0\u00bb4.5.1&Prime; _module_preset=\u00a0\u00bbdefault\u00a0\u00bb][et_pb_text _builder_version=\u00a0\u00bb4.5.1&Prime; _module_preset=\u00a0\u00bbdefault\u00a0\u00bb custom_margin=\u00a0\u00bb||-9px|99px||\u00a0\u00bb custom_padding=\u00a0\u00bb|||10px||\u00a0\u00bb]<\/p>\n<h4><span style=\"color: #000000;\">T\u00e9l\u00e9chargez le rapport<\/span><\/h4>\n<p>[\/et_pb_text][\/et_pb_column_inner][\/et_pb_row_inner][et_pb_row_inner column_structure=\u00a0\u00bb1_3,1_3,1_3&Prime; _builder_version=\u00a0\u00bb4.5.1&Prime; _module_preset=\u00a0\u00bbdefault\u00a0\u00bb width=\u00a0\u00bb100%\u00a0\u00bb custom_margin=\u00a0\u00bb-21px|||||\u00a0\u00bb custom_padding=\u00a0\u00bb11px|35px||196px||\u00a0\u00bb][et_pb_column_inner type=\u00a0\u00bb1_3&Prime; saved_specialty_column_type=\u00a0\u00bb1_2&Prime; _builder_version=\u00a0\u00bb4.5.1&Prime; _module_preset=\u00a0\u00bbdefault\u00a0\u00bb][et_pb_button button_url=\u00a0\u00bbhttps:\/\/attmonitor.org\/wp-content\/uploads\/2020\/07\/ATT-Monitor-Case-Study-3-Tackling-Terror-1.pdf\u00a0\u00bb button_text=\u00a0\u00bbAnglais\u00a0\u00bb _builder_version=\u00a0\u00bb4.5.1&Prime; _module_preset=\u00a0\u00bbdefault\u00a0\u00bb custom_button=\u00a0\u00bbon\u00a0\u00bb button_text_size=\u00a0\u00bb15px\u00a0\u00bb][\/et_pb_button][\/et_pb_column_inner][et_pb_column_inner type=\u00a0\u00bb1_3&Prime; saved_specialty_column_type=\u00a0\u00bb1_2&Prime; _builder_version=\u00a0\u00bb4.5.1&Prime; _module_preset=\u00a0\u00bbdefault\u00a0\u00bb][et_pb_button button_url=\u00a0\u00bbhttps:\/\/attmonitor.org\/wp-content\/uploads\/2020\/07\/TACKLIKNG-TERRORFRENCH.pdf\u00a0\u00bb button_text=\u00a0\u00bbFran\u00e7ais\u00a0\u00bb _builder_version=\u00a0\u00bb4.5.1&Prime; _module_preset=\u00a0\u00bbdefault\u00a0\u00bb custom_button=\u00a0\u00bbon\u00a0\u00bb button_text_size=\u00a0\u00bb15px\u00a0\u00bb][\/et_pb_button][\/et_pb_column_inner][et_pb_column_inner type=\u00a0\u00bb1_3&Prime; saved_specialty_column_type=\u00a0\u00bb1_2&Prime; _builder_version=\u00a0\u00bb4.5.1&Prime; _module_preset=\u00a0\u00bbdefault\u00a0\u00bb][\/et_pb_column_inner][\/et_pb_row_inner][\/et_pb_column][\/et_pb_section]<\/p>\n","protected":false},"excerpt":{"rendered":"<p>Comment utiliser le Trait\u00e9 sur le commerce des armes pour faire obstacle au d\u00e9tournement d\u2019armes et de munitions en Afrique Occidentale Le Le Trait\u00e9 sur le commerce des armes (TCA) peut \u00eatre un outil important pour lutter contre le flux d&rsquo;armes et de munitions terroristes et groupes arm\u00e9s en Afrique de l&rsquo;Ouest. Une nouvelle \u00e9tude [&hellip;]<\/p>\n","protected":false},"author":1,"featured_media":0,"parent":0,"menu_order":0,"comment_status":"closed","ping_status":"closed","template":"","meta":{"_et_pb_use_builder":"on","_et_pb_old_content":"","_et_gb_content_width":"","_monsterinsights_skip_tracking":false,"_monsterinsights_sitenote_active":false,"_monsterinsights_sitenote_note":"","_monsterinsights_sitenote_category":0,"footnotes":""},"class_list":["post-4181","page","type-page","status-publish","hentry"],"aioseo_notices":[],"_links":{"self":[{"href":"https:\/\/attmonitor.org\/fr\/wp-json\/wp\/v2\/pages\/4181","targetHints":{"allow":["GET"]}}],"collection":[{"href":"https:\/\/attmonitor.org\/fr\/wp-json\/wp\/v2\/pages"}],"about":[{"href":"https:\/\/attmonitor.org\/fr\/wp-json\/wp\/v2\/types\/page"}],"author":[{"embeddable":true,"href":"https:\/\/attmonitor.org\/fr\/wp-json\/wp\/v2\/users\/1"}],"replies":[{"embeddable":true,"href":"https:\/\/attmonitor.org\/fr\/wp-json\/wp\/v2\/comments?post=4181"}],"version-history":[{"count":5,"href":"https:\/\/attmonitor.org\/fr\/wp-json\/wp\/v2\/pages\/4181\/revisions"}],"predecessor-version":[{"id":4321,"href":"https:\/\/attmonitor.org\/fr\/wp-json\/wp\/v2\/pages\/4181\/revisions\/4321"}],"wp:attachment":[{"href":"https:\/\/attmonitor.org\/fr\/wp-json\/wp\/v2\/media?parent=4181"}],"curies":[{"name":"wp","href":"https:\/\/api.w.org\/{rel}","templated":true}]}}