{"id":2228,"date":"2021-10-14T13:27:13","date_gmt":"2021-10-14T13:27:13","guid":{"rendered":"https:\/\/smdla.tk\/a-propos-le-moniteur-du-tca\/"},"modified":"2021-10-14T13:28:40","modified_gmt":"2021-10-14T13:28:40","slug":"a-propos-le-moniteur-du-tca","status":"publish","type":"page","link":"https:\/\/attmonitor.org\/fr\/a-propos-le-moniteur-du-tca\/","title":{"rendered":"\u00c1 Propos le Moniteur du TCA"},"content":{"rendered":"<p>[et_pb_section fb_built=\u00a0\u00bb1&Prime; fullwidth=\u00a0\u00bbon\u00a0\u00bb _builder_version=\u00a0\u00bb4.5.1&Prime; _module_preset=\u00a0\u00bbdefault\u00a0\u00bb locked=\u00a0\u00bboff\u00a0\u00bb global_colors_info=\u00a0\u00bb{}\u00a0\u00bb][et_pb_fullwidth_image src=\u00a0\u00bbhttps:\/\/attmonitor.org\/wp-content\/uploads\/2020\/07\/b-e1595570238700.png\u00a0\u00bb title_text=\u00a0\u00bbb\u00a0\u00bb _builder_version=\u00a0\u00bb4.5.1&Prime; _module_preset=\u00a0\u00bbdefault\u00a0\u00bb global_colors_info=\u00a0\u00bb{}\u00a0\u00bb][\/et_pb_fullwidth_image][\/et_pb_section][et_pb_section fb_built=\u00a0\u00bb1&Prime; _builder_version=\u00a0\u00bb4.5.1&Prime; _module_preset=\u00a0\u00bbdefault\u00a0\u00bb global_colors_info=\u00a0\u00bb{}\u00a0\u00bb][et_pb_row _builder_version=\u00a0\u00bb4.5.1&Prime; _module_preset=\u00a0\u00bbdefault\u00a0\u00bb custom_padding=\u00a0\u00bb0px|||||\u00a0\u00bb global_colors_info=\u00a0\u00bb{}\u00a0\u00bb][et_pb_column type=\u00a0\u00bb4_4&Prime; _builder_version=\u00a0\u00bb4.5.1&Prime; _module_preset=\u00a0\u00bbdefault\u00a0\u00bb global_colors_info=\u00a0\u00bb{}\u00a0\u00bb][et_pb_post_title meta=\u00a0\u00bboff\u00a0\u00bb featured_image=\u00a0\u00bboff\u00a0\u00bb _builder_version=\u00a0\u00bb4.5.1&Prime; _module_preset=\u00a0\u00bbdefault\u00a0\u00bb custom_margin=\u00a0\u00bb||24px|||\u00a0\u00bb global_colors_info=\u00a0\u00bb{}\u00a0\u00bb][\/et_pb_post_title][et_pb_divider color=\u00a0\u00bb#e02b20&Prime; divider_weight=\u00a0\u00bb2px\u00a0\u00bb _builder_version=\u00a0\u00bb4.5.1&Prime; _module_preset=\u00a0\u00bbdefault\u00a0\u00bb width=\u00a0\u00bb15%\u00a0\u00bb locked=\u00a0\u00bboff\u00a0\u00bb global_colors_info=\u00a0\u00bb{}\u00a0\u00bb][\/et_pb_divider][et_pb_text _builder_version=\u00a0\u00bb4.5.1&Prime; _module_preset=\u00a0\u00bbdefault\u00a0\u00bb custom_margin=\u00a0\u00bb-14px|||||\u00a0\u00bb global_colors_info=\u00a0\u00bb{}\u00a0\u00bb]<\/p>\n<p><strong>NOTRE MISSION<\/strong><\/p>\n<p><span style=\"font-weight: 400;\">Le Moniteur du TCA est, de facto, le m\u00e9canisme international de surveillance du Trait\u00e9 sur le Commerce des Armes (TCA) et sert de source d&rsquo;informations sur la mise en \u0153uvre et le respect du TCA. Ses recherches &#038; analyses quantitatives et faisant autorit\u00e9 servent \u00e0 renforcer les efforts de mise en \u0153uvre du Trait\u00e9 et \u00e0 am\u00e9liorer la transparence du commerce des armes classiques. <\/span><\/p>\n<p><span style=\"font-weight: 400;\">Les rapports annuels du Moniteur du TCA, les publications phares du projet, font le point sur les pratiques existantes, cr\u00e9ent une plus grande transparence dans la mise en \u0153uvre du Trait\u00e9, informent sur les travaux des CSPs (Conf\u00e9rences des \u00c9tats Partis) et des r\u00e9unions intersessions et assurent la responsabilit\u00e9 des engagements du Trait\u00e9. \u00a0<\/span><\/p>\n<p><span style=\"font-weight: 400;\">Le Moniteur du TCA produit des recherches pour ses principaux publics: d\u00e9cideurs politiques gouvernementaux, responsables des exportations, soci\u00e9t\u00e9s civiles et organisations internationales, ainsi que les m\u00e9dias et le grand public. <\/span><\/p>\n<p><span style=\"font-weight: 400;\">Le Moniteur du TCA produit les r\u00e9sultats de recherches suivants: <\/span><\/p>\n<ul>\n<li><span style=\"font-weight: 400;\">Rapports Annuels du Moniteur du TCA <\/span><\/li>\n<li><span style=\"font-weight: 400;\"> Profils des pays qui fournissent une analyse des pratiques de notifications et de transfert de chaque \u00c9tat partie d\u00e9clarant\u00a0<\/span><\/li>\n<li><span style=\"font-weight: 400;\"> \u00c9tudes de cas\u00a0<\/span><\/li>\n<li><span style=\"font-weight: 400;\"> Documents d&rsquo;informations <\/span><\/li>\n<li><span style=\"font-weight: 400;\"> Fiches d&rsquo;informations\u00a0<\/span><\/li>\n<\/ul>\n<p><span style=\"font-weight: 400;\">Le Moniteur du TCA r\u00e9pond aux besoins de recherches des parties prenantes du TCA en:\u00a0<\/span><\/p>\n<ul>\n<li><span style=\"font-weight: 400;\"> Synth\u00e9tisant les informations et analysant les tendances et les \u00e9volutions en mati\u00e8re de respect du TCA pour faire progresser l&rsquo;universalisation et la mise en \u0153uvre du Trait\u00e9\u00a0<\/span><\/li>\n<li><span style=\"font-weight: 400;\"> \u00c9valuant des normes de notification nationale (article 13) et des engagements de transparence pertinents <\/span><\/li>\n<li><span style=\"font-weight: 400;\"> Fournissant une analyse pays par pays sur les pratiques de notifications et de transferts\u00a0<\/span><\/li>\n<li><span style=\"font-weight: 400;\"> Identifiant les sch\u00e9mas et tendances des exportations \/ importations d&rsquo;armes conventionnelles et en les signalant par rapport aux crit\u00e8res du TCA\u00a0<\/span><\/li>\n<li><span style=\"font-weight: 400;\"> Rendant les r\u00e9sultats de recherches disponibles en version imprim\u00e9e et en ligne, dans des formats conviviaux et en traduisant les publications cl\u00e9s dans des langues autres que l&rsquo;anglais\u00a0<\/span><\/li>\n<li><span style=\"font-weight: 400;\"> Maintenant un r\u00e9seau mondial d&rsquo;experts qui contribuent aux r\u00e9sultats du Moniteur du TCA par le biais du Groupe de R\u00e9f\u00e9rence International (International Reference Group ou IRG) et en contribuant au d\u00e9veloppement du contenu du Moniteur du TCA par le biais de l&rsquo;\u00e9quipe \u00e9ditoriale\u00a0<\/span><\/li>\n<\/ul>\n<p><span style=\"font-weight: 400;\">Ces informations sont utilis\u00e9es pour:\u00a0<\/span><\/p>\n<p><span style=\"font-weight: 400;\"><\/span><\/p>\n<ul>\n<li><span style=\"font-weight: 400;\"> Faire progresser l\u2019universalisation et la mise en \u0153uvre du TCA\u00a0<\/span><\/li>\n<li><span style=\"font-weight: 400;\"> Identifier les principaux d\u00e9fis pour faire progresser l\u2019acceptation mondiale des normes du TCA et leur mise en \u0153uvre int\u00e9grale et proposer des mesures pour relever ces d\u00e9fis\u00a0<\/span><\/li>\n<li><span style=\"font-weight: 400;\"> Fournir des recommandations pour la planification des politiques gouvernementales et la prise de d\u00e9cision\u00a0<\/span><\/li>\n<li><span style=\"font-weight: 400;\">Provide a research-based tool to civil society for use in developing advocacy campaigns and capacity-building and training programmes<\/span><\/li>\n<\/ul>\n<p>[\/et_pb_text][\/et_pb_column][\/et_pb_row][\/et_pb_section]<\/p>\n","protected":false},"excerpt":{"rendered":"<p>NOTRE MISSION Le Moniteur du TCA est, de facto, le m\u00e9canisme international de surveillance du Trait\u00e9 sur le Commerce des Armes (TCA) et sert de source d&rsquo;informations sur la mise en \u0153uvre et le respect du TCA. Ses recherches &#038; analyses quantitatives et faisant autorit\u00e9 servent \u00e0 renforcer les efforts de mise en \u0153uvre du [&hellip;]<\/p>\n","protected":false},"author":1,"featured_media":0,"parent":0,"menu_order":0,"comment_status":"closed","ping_status":"closed","template":"","meta":{"_et_pb_use_builder":"on","_et_pb_old_content":"","_et_gb_content_width":"","_monsterinsights_skip_tracking":false,"_monsterinsights_sitenote_active":false,"_monsterinsights_sitenote_note":"","_monsterinsights_sitenote_category":0,"footnotes":""},"class_list":["post-2228","page","type-page","status-publish","hentry"],"aioseo_notices":[],"_links":{"self":[{"href":"https:\/\/attmonitor.org\/fr\/wp-json\/wp\/v2\/pages\/2228","targetHints":{"allow":["GET"]}}],"collection":[{"href":"https:\/\/attmonitor.org\/fr\/wp-json\/wp\/v2\/pages"}],"about":[{"href":"https:\/\/attmonitor.org\/fr\/wp-json\/wp\/v2\/types\/page"}],"author":[{"embeddable":true,"href":"https:\/\/attmonitor.org\/fr\/wp-json\/wp\/v2\/users\/1"}],"replies":[{"embeddable":true,"href":"https:\/\/attmonitor.org\/fr\/wp-json\/wp\/v2\/comments?post=2228"}],"version-history":[{"count":0,"href":"https:\/\/attmonitor.org\/fr\/wp-json\/wp\/v2\/pages\/2228\/revisions"}],"wp:attachment":[{"href":"https:\/\/attmonitor.org\/fr\/wp-json\/wp\/v2\/media?parent=2228"}],"curies":[{"name":"wp","href":"https:\/\/api.w.org\/{rel}","templated":true}]}}