{"id":2222,"date":"2021-10-14T12:40:18","date_gmt":"2021-10-14T12:40:18","guid":{"rendered":"https:\/\/smdla.tk\/accueil\/"},"modified":"2022-10-25T00:20:40","modified_gmt":"2022-10-24T22:20:40","slug":"accueil","status":"publish","type":"page","link":"https:\/\/attmonitor.org\/fr\/","title":{"rendered":"Accueil"},"content":{"rendered":"<p>[et_pb_section fb_built=\u00a0\u00bb1&Prime; module_class=\u00a0\u00bbpa-parallax-background-image-position\u00a0\u00bb _builder_version=\u00a0\u00bb4.16&Prime; background_image=\u00a0\u00bbhttps:\/\/attmonitor.org\/wp-content\/uploads\/2020\/07\/016.png\u00a0\u00bb parallax=\u00a0\u00bbon\u00a0\u00bb parallax_method=\u00a0\u00bboff\u00a0\u00bb custom_padding=\u00a0\u00bb17px||255px|||\u00a0\u00bb global_colors_info=\u00a0\u00bb{}\u00a0\u00bb][et_pb_row _builder_version=\u00a0\u00bb4.16&Prime; custom_margin=\u00a0\u00bb5px|auto||auto||\u00a0\u00bb global_colors_info=\u00a0\u00bb{}\u00a0\u00bb][et_pb_column type=\u00a0\u00bb4_4&Prime; _builder_version=\u00a0\u00bb4.16&Prime; global_colors_info=\u00a0\u00bb{}\u00a0\u00bb][et_pb_text _builder_version=\u00a0\u00bb4.16&Prime; text_font=\u00a0\u00bbVerdana|700|||||||\u00a0\u00bb text_text_color=\u00a0\u00bb#ffffff\u00a0\u00bb text_font_size=\u00a0\u00bb50px\u00a0\u00bb text_line_height=\u00a0\u00bb1.25em\u00a0\u00bb custom_padding=\u00a0\u00bb150px|||||\u00a0\u00bb global_colors_info=\u00a0\u00bb{}\u00a0\u00bb]<\/p>\n<p style=\"text-align: center;\"><span>SUIVI DE LA CONFORMIT\u00c9 ET DE LA MISE EN \u0152UVRE DU L\u2019ATT.<\/p>\n<p><\/span><\/p>\n<p>[\/et_pb_text][et_pb_text _builder_version=\u00a0\u00bb4.16&Prime; _module_preset=\u00a0\u00bbdefault\u00a0\u00bb text_orientation=\u00a0\u00bbcenter\u00a0\u00bb global_colors_info=\u00a0\u00bb{}\u00a0\u00bb]<\/p>\n<h5><a class=\"vp-s vp-yt-type\" href=\"https:\/\/www.youtube.com\/watch?v=7eEGAqiB1pQ&amp;t=2s\" data-dwrap=\"1\"><img loading=\"lazy\" decoding=\"async\" src=\"https:\/\/attmonitor.org\/wp-content\/uploads\/2020\/10\/Roab8-150x150.png\" width=\"100\" height=\"100\" alt=\"\" class=\"wp-image-2048 aligncenter size-thumbnail\" srcset=\"https:\/\/attmonitor.org\/wp-content\/uploads\/2020\/10\/Roab8-150x150.png 150w, https:\/\/attmonitor.org\/wp-content\/uploads\/2020\/10\/Roab8-12x12.png 12w, https:\/\/attmonitor.org\/wp-content\/uploads\/2020\/10\/Roab8.png 220w\" sizes=\"(max-width: 100px) 100vw, 100px\" \/><span style=\"color: #ffffff;\"><strong><\/strong><\/span><\/a><\/h5>\n<h5><span style=\"color: #ffffff;\"><strong><\/strong><\/span><\/h5>\n<h5><span style=\"text-decoration: underline; color: #ffffff;\"><a class=\"vp-s vp-yt-type\" href=\"https:\/\/www.youtube.com\/watch?v=7eEGAqiB1pQ&amp;t=2s\" data-dwrap=\"1\" style=\"color: #ffffff;\"><strong>Regardez la vid\u00e9o pour en apprendre plus<\/strong><\/a><\/span><\/h5>\n<p>[\/et_pb_text][\/et_pb_column][\/et_pb_row][\/et_pb_section][et_pb_section fb_built=\u00a0\u00bb1&Prime; _builder_version=\u00a0\u00bb4.18.0&Prime; background_color=\u00a0\u00bbrgba(224,43,32,0.52)\u00a0\u00bb min_height=\u00a0\u00bb285px\u00a0\u00bb custom_margin=\u00a0\u00bb-208px|500px|5px|500px|false|false\u00a0\u00bb custom_padding=\u00a0\u00bb||0px|||\u00a0\u00bb hover_enabled=\u00a0\u00bb0&Prime; global_colors_info=\u00a0\u00bb{}\u00a0\u00bb custom_margin_last_edited=\u00a0\u00bbon|phone\u00a0\u00bb custom_margin_tablet=\u00a0\u00bb-208px|150px|5px|150px|false|false\u00a0\u00bb sticky_enabled=\u00a0\u00bb0&Prime; custom_margin_phone=\u00a0\u00bb|30px||30px|false|false\u00a0\u00bb][et_pb_row _builder_version=\u00a0\u00bb4.16&Prime; min_height=\u00a0\u00bb143px\u00a0\u00bb custom_margin=\u00a0\u00bb-10px|auto||auto||\u00a0\u00bb custom_padding=\u00a0\u00bb0px||0px|||\u00a0\u00bb global_colors_info=\u00a0\u00bb{}\u00a0\u00bb][et_pb_column type=\u00a0\u00bb4_4&Prime; _builder_version=\u00a0\u00bb4.16&Prime; global_colors_info=\u00a0\u00bb{}\u00a0\u00bb][et_pb_text _builder_version=\u00a0\u00bb4.16&Prime; text_font=\u00a0\u00bb|600|||||||\u00a0\u00bb text_text_color=\u00a0\u00bb#ffffff\u00a0\u00bb text_orientation=\u00a0\u00bbcenter\u00a0\u00bb min_height=\u00a0\u00bb104px\u00a0\u00bb global_colors_info=\u00a0\u00bb{}\u00a0\u00bb]<\/p>\n<p><span>L\u2019ATT Monitor est une ressource globale bas\u00e9e sur la soci\u00e9t\u00e9 civile qui fournit une analyse ind\u00e9pendante et des informations sur l&rsquo;efficacit\u00e9 du l\u2019ATT, et soutient la mise en \u0153uvre et l&rsquo;adh\u00e9sion au Trait\u00e9.<\/span><\/p>\n<p>[\/et_pb_text][\/et_pb_column][\/et_pb_row][\/et_pb_section][et_pb_section fb_built=\u00a0\u00bb1&Prime; _builder_version=\u00a0\u00bb4.18.0&Prime; min_height=\u00a0\u00bb591px\u00a0\u00bb custom_margin=\u00a0\u00bb58px||-45px||false|false\u00a0\u00bb custom_padding=\u00a0\u00bb32px||0px|167px||\u00a0\u00bb hover_enabled=\u00a0\u00bb0&Prime; global_colors_info=\u00a0\u00bb{}\u00a0\u00bb custom_padding_last_edited=\u00a0\u00bbon|tablet\u00a0\u00bb custom_padding_tablet=\u00a0\u00bb32px||0px|0px|false|false\u00a0\u00bb sticky_enabled=\u00a0\u00bb0&Prime; custom_padding_phone=\u00a0\u00bb32px||0px|0px|false|false\u00a0\u00bb][et_pb_row column_structure=\u00a0\u00bb1_2,1_2&Prime; _builder_version=\u00a0\u00bb4.16&Prime; global_colors_info=\u00a0\u00bb{}\u00a0\u00bb][et_pb_column type=\u00a0\u00bb1_2&Prime; _builder_version=\u00a0\u00bb4.16&Prime; _module_preset=\u00a0\u00bbdefault\u00a0\u00bb global_colors_info=\u00a0\u00bb{}\u00a0\u00bb][et_pb_blurb title=\u00a0\u00bbWATCH : Lancement du rapport ATT Monitor 2021&Prime; image=\u00a0\u00bbhttps:\/\/attmonitor.org\/wp-content\/uploads\/2021\/09\/Screen-Shot-2021-09-10-at-09.47.29.png\u00a0\u00bb content_max_width=\u00a0\u00bb250px\u00a0\u00bb _builder_version=\u00a0\u00bb4.16&Prime; _module_preset=\u00a0\u00bbdefault\u00a0\u00bb header_text_align=\u00a0\u00bbleft\u00a0\u00bb header_text_color=\u00a0\u00bb#e02b20&Prime; header_font_size=\u00a0\u00bb18px\u00a0\u00bb body_font_size=\u00a0\u00bb12px\u00a0\u00bb body_line_height=\u00a0\u00bb1.6em\u00a0\u00bb width=\u00a0\u00bb92.7%\u00a0\u00bb custom_margin=\u00a0\u00bb|||-30px||\u00a0\u00bb custom_padding=\u00a0\u00bb||0px||false|false\u00a0\u00bb link_option_url=\u00a0\u00bbhttps:\/\/attmonitor.org\/project\/2005\/\u00a0\u00bb link_option_url_new_window=\u00a0\u00bbon\u00a0\u00bb border_color_all=\u00a0\u00bb#d6d6d6&Prime; box_shadow_style_image=\u00a0\u00bbpreset6&Prime; global_colors_info=\u00a0\u00bb{}\u00a0\u00bb]<\/p>\n<p>L&rsquo;\u00e9v\u00e9nement parall\u00e8le a pr\u00e9sent\u00e9 le rapport ATT Monitor 2021, y compris une discussion sur<span>la gestion des stocks en tant que m\u00e9canisme cl\u00e9 pour lutter contre le commerce illicite des armes l\u00e9g\u00e8res et de petit calibre (ALPC) et une<\/span><span> analyse de cinq ann\u00e9es de donn\u00e9es de rapports annuels sur le TCA, en examinant dans quelle mesure les rapports annuels des \u00c9tats parties sont significativement transparents et s&rsquo;ils ont contribu\u00e9 \u00e0 la transparence conform\u00e9ment \u00e0 l&rsquo;objet et au but du trait\u00e9.<\/span><\/p>\n<p>[\/et_pb_blurb][\/et_pb_column][et_pb_column type=\u00a0\u00bb1_2&Prime; _builder_version=\u00a0\u00bb4.16&Prime; global_colors_info=\u00a0\u00bb{}\u00a0\u00bb][et_pb_blurb title=\u00a0\u00bbLe rapport 2021&Prime; url_new_window=\u00a0\u00bbon\u00a0\u00bb image=\u00a0\u00bbhttps:\/\/attmonitor.org\/wp-content\/uploads\/2021\/09\/Screen-Shot-2021-09-10-at-09.29.39.png\u00a0\u00bb content_max_width=\u00a0\u00bb250px\u00a0\u00bb _builder_version=\u00a0\u00bb4.16&Prime; _module_preset=\u00a0\u00bbdefault\u00a0\u00bb header_text_align=\u00a0\u00bbleft\u00a0\u00bb header_text_color=\u00a0\u00bb#e02b20&Prime; header_font_size=\u00a0\u00bb18px\u00a0\u00bb body_font_size=\u00a0\u00bb12px\u00a0\u00bb body_line_height=\u00a0\u00bb1.6em\u00a0\u00bb link_option_url=\u00a0\u00bbhttps:\/\/attmonitor.org\/the-2021-report\/\u00a0\u00bb border_color_all=\u00a0\u00bb#d6d6d6&Prime; global_colors_info=\u00a0\u00bb{}\u00a0\u00bb]<\/p>\n<p><span>Le rapport 2021 du Moniteur TCA fournit une analyse globale des pratiques de reporting, y compris un examen approfondi des rapports initiaux et annuels du TCA.\u00a0<\/span><\/p>\n<p><span>Le Moniteur TCA explore \u00e9galement la gestion des stocks en tant que m\u00e9canisme cl\u00e9 pour lutter contre le commerce illicite des armes l\u00e9g\u00e8res et de petit calibre (ALPC) et met en \u00e9vidence les synergies entre les dispositions du TCA et d&rsquo;autres cadres mondiaux de contr\u00f4le des armes.<\/span><\/p>\n<p><span><\/span><\/p>\n<p><span><\/span><\/p>\n<p>[\/et_pb_blurb][\/et_pb_column][\/et_pb_row][\/et_pb_section][et_pb_section fb_built=\u00a0\u00bb1&Prime; _builder_version=\u00a0\u00bb4.16&Prime; background_image=\u00a0\u00bbhttps:\/\/attmonitor.org\/wp-content\/uploads\/2020\/07\/twitter_bg_header1.png\u00a0\u00bb parallax=\u00a0\u00bbon\u00a0\u00bb parallax_method=\u00a0\u00bboff\u00a0\u00bb min_height=\u00a0\u00bb485px\u00a0\u00bb custom_margin=\u00a0\u00bb19px|||||\u00a0\u00bb custom_padding=\u00a0\u00bb150px||19px||false|false\u00a0\u00bb global_colors_info=\u00a0\u00bb{}\u00a0\u00bb][et_pb_row _builder_version=\u00a0\u00bb4.16&Prime; global_colors_info=\u00a0\u00bb{}\u00a0\u00bb][et_pb_column type=\u00a0\u00bb4_4&Prime; _builder_version=\u00a0\u00bb4.16&Prime; global_colors_info=\u00a0\u00bb{}\u00a0\u00bb][et_pb_button button_text=\u00a0\u00bbLISEZ NOS RECHERCHES ET NOS RAPPORTS\u00a0\u00bb button_alignment=\u00a0\u00bbcenter\u00a0\u00bb _builder_version=\u00a0\u00bb4.16&Prime; custom_button=\u00a0\u00bbon\u00a0\u00bb button_text_color=\u00a0\u00bb#ffffff\u00a0\u00bb button_bg_color=\u00a0\u00bb#e02b20&Prime; button_border_color=\u00a0\u00bb#e02b20&Prime; button_font=\u00a0\u00bb|700|||||||\u00a0\u00bb background_layout=\u00a0\u00bbdark\u00a0\u00bb global_colors_info=\u00a0\u00bb{}\u00a0\u00bb button_border_color__hover_enabled=\u00a0\u00bbon|hover\u00a0\u00bb button_border_color__hover=\u00a0\u00bb#ffffff\u00a0\u00bb][\/et_pb_button][\/et_pb_column][\/et_pb_row][\/et_pb_section][et_pb_section fb_built=\u00a0\u00bb1&Prime; _builder_version=\u00a0\u00bb4.16&Prime; custom_padding=\u00a0\u00bb||17px|||\u00a0\u00bb global_colors_info=\u00a0\u00bb{}\u00a0\u00bb][et_pb_row _builder_version=\u00a0\u00bb4.16&Prime; custom_margin=\u00a0\u00bb-30px|auto||auto||\u00a0\u00bb global_colors_info=\u00a0\u00bb{}\u00a0\u00bb][et_pb_column type=\u00a0\u00bb4_4&Prime; _builder_version=\u00a0\u00bb4.16&Prime; global_colors_info=\u00a0\u00bb{}\u00a0\u00bb][et_pb_text _builder_version=\u00a0\u00bb4.16&Prime; _module_preset=\u00a0\u00bbdefault\u00a0\u00bb header_font=\u00a0\u00bbVerdana|600|||||||\u00a0\u00bb header_font_size=\u00a0\u00bb24px\u00a0\u00bb custom_padding=\u00a0\u00bb5px||||false|false\u00a0\u00bb global_colors_info=\u00a0\u00bb{}\u00a0\u00bb]<\/p>\n<h4 style=\"text-align: center;\"><strong>L\u2019ATT MONITOR EST UN PROJET DE CONTR\u00d4LE LES ARMES <\/strong><\/h4>\n<h4 style=\"text-align: center;\"><strong>\u00a0<a href=\"https:\/\/controlarms.org\"><img loading=\"lazy\" decoding=\"async\" class=\"alignnone wp-image-2049 size-full\" src=\"https:\/\/attmonitor.org\/wp-content\/uploads\/2020\/07\/fold3-logo1.png\" alt=\"\" width=\"176\" height=\"35\" \/><\/a><\/strong><\/h4>\n<p>[\/et_pb_text][\/et_pb_column][\/et_pb_row][\/et_pb_section]<\/p>\n","protected":false},"excerpt":{"rendered":"<p>SUIVI DE LA CONFORMIT\u00c9 ET DE LA MISE EN \u0152UVRE DU L\u2019ATT. Regardez la vid\u00e9o pour en apprendre plusL\u2019ATT Monitor est une ressource globale bas\u00e9e sur la soci\u00e9t\u00e9 civile qui fournit une analyse ind\u00e9pendante et des informations sur l&rsquo;efficacit\u00e9 du l\u2019ATT, et soutient la mise en \u0153uvre et l&rsquo;adh\u00e9sion au Trait\u00e9.L&rsquo;\u00e9v\u00e9nement parall\u00e8le a pr\u00e9sent\u00e9 le [&hellip;]<\/p>\n","protected":false},"author":1,"featured_media":0,"parent":0,"menu_order":0,"comment_status":"closed","ping_status":"closed","template":"","meta":{"_et_pb_use_builder":"on","_et_pb_old_content":"","_et_gb_content_width":"","_monsterinsights_skip_tracking":false,"_monsterinsights_sitenote_active":false,"_monsterinsights_sitenote_note":"","_monsterinsights_sitenote_category":0,"footnotes":""},"class_list":["post-2222","page","type-page","status-publish","hentry"],"aioseo_notices":[],"_links":{"self":[{"href":"https:\/\/attmonitor.org\/fr\/wp-json\/wp\/v2\/pages\/2222","targetHints":{"allow":["GET"]}}],"collection":[{"href":"https:\/\/attmonitor.org\/fr\/wp-json\/wp\/v2\/pages"}],"about":[{"href":"https:\/\/attmonitor.org\/fr\/wp-json\/wp\/v2\/types\/page"}],"author":[{"embeddable":true,"href":"https:\/\/attmonitor.org\/fr\/wp-json\/wp\/v2\/users\/1"}],"replies":[{"embeddable":true,"href":"https:\/\/attmonitor.org\/fr\/wp-json\/wp\/v2\/comments?post=2222"}],"version-history":[{"count":4,"href":"https:\/\/attmonitor.org\/fr\/wp-json\/wp\/v2\/pages\/2222\/revisions"}],"predecessor-version":[{"id":5752,"href":"https:\/\/attmonitor.org\/fr\/wp-json\/wp\/v2\/pages\/2222\/revisions\/5752"}],"wp:attachment":[{"href":"https:\/\/attmonitor.org\/fr\/wp-json\/wp\/v2\/media?parent=2222"}],"curies":[{"name":"wp","href":"https:\/\/api.w.org\/{rel}","templated":true}]}}