{"id":2213,"date":"2021-10-06T00:46:53","date_gmt":"2021-10-06T00:46:53","guid":{"rendered":"https:\/\/smdla.tk\/el-informe-2019\/"},"modified":"2021-10-06T00:46:55","modified_gmt":"2021-10-06T00:46:55","slug":"el-informe-2019","status":"publish","type":"page","link":"https:\/\/attmonitor.org\/es\/el-informe-2019\/","title":{"rendered":"El Informe 2019"},"content":{"rendered":"\n[et_pb_section fb_built=\u00bb1&#8243; fullwidth=\u00bbon\u00bb _builder_version=\u00bb4.5.1&#8243; _module_preset=\u00bbdefault\u00bb locked=\u00bboff\u00bb][et_pb_fullwidth_image src=\u00bbhttps:\/\/attmonitor.org\/wp-content\/uploads\/2020\/07\/b-e1595570238700.png\u00bb title_text=\u00bbb\u00bb _builder_version=\u00bb4.5.1&#8243; _module_preset=\u00bbdefault\u00bb][\/et_pb_fullwidth_image][\/et_pb_section][et_pb_section fb_built=\u00bb1&#8243; _builder_version=\u00bb4.5.1&#8243; _module_preset=\u00bbdefault\u00bb custom_padding=\u00bb||0px|||\u00bb hover_enabled=\u00bb0&#8243; locked=\u00bboff\u00bb][et_pb_row _builder_version=\u00bb4.5.1&#8243; _module_preset=\u00bbdefault\u00bb custom_padding=\u00bb||0px|||\u00bb hover_enabled=\u00bb0&#8243;][et_pb_column type=\u00bb4_4&#8243; _builder_version=\u00bb4.5.1&#8243; _module_preset=\u00bbdefault\u00bb][et_pb_post_title meta=\u00bboff\u00bb featured_image=\u00bboff\u00bb _builder_version=\u00bb4.5.1&#8243; _module_preset=\u00bbdefault\u00bb][\/et_pb_post_title][et_pb_divider color=\u00bb#e02b20&#8243; divider_weight=\u00bb2px\u00bb _builder_version=\u00bb4.5.1&#8243; _module_preset=\u00bbdefault\u00bb width=\u00bb15%\u00bb][\/et_pb_divider][\/et_pb_column][\/et_pb_row][\/et_pb_section][et_pb_section fb_built=\u00bb1&#8243; specialty=\u00bbon\u00bb _builder_version=\u00bb4.5.1&#8243; _module_preset=\u00bbdefault\u00bb custom_padding=\u00bb0px|||||\u00bb hover_enabled=\u00bb0&#8243; locked=\u00bboff\u00bb][et_pb_column type=\u00bb1_2&#8243; _builder_version=\u00bb3.25&#8243; custom_padding=\u00bb|||\u00bb custom_padding__hover=\u00bb|||\u00bb][et_pb_text _builder_version=\u00bb4.5.1&#8243; _module_preset=\u00bbdefault\u00bb width=\u00bb124.3%\u00bb custom_margin=\u00bb-31px|-101px||||\u00bb hover_enabled=\u00bb0&#8243;]<div class=\"page\" title=\"Page 16\">\r\n<div class=\"layoutArea\">\r\n<div class=\"page\" title=\"Page 16\">\r\n<div class=\"layoutArea\">\r\n<div class=\"column\">\r\n<p><strong>El cap\u00edtulo 1<\/strong><span>\u00a0<\/span>se centra en la obligaci\u00f3n de los Estados Partes de tener en cuenta la violencia por raz\u00f3n de g\u00e9nero (GBV) en las evaluaciones de riesgos y retoma el tema del g\u00e9nero y la violencia por raz\u00f3n de g\u00e9nero elegido por el Presidente de la CEP 2019 como tema prioritario de la Conferencia de este a\u00f1o. El cap\u00edtulo ofrece una visi\u00f3n general de la representaci\u00f3n de g\u00e9nero en el proceso del TCA en relaci\u00f3n con una serie de medidas de amplio alcance adoptadas en el marco de los procesos de desarme de la ONU con el objetivo de dar prioridad a la igualdad de g\u00e9nero. Posteriormente, se examinan las dificultades que se plantean en torno a la detecci\u00f3n del problema de la GBV, entre otras cosas la variedad de definiciones que hay sobre el t\u00e9rmino, la cuesti\u00f3n de qu\u00e9 actos se consideran como actos de GBV y qu\u00e9 armas deben tenerse en cuenta en las evaluaciones de riesgos que integran la dimensi\u00f3n de la GBV, el significado de los t\u00e9rminos \u00abcometer\u00bb o \u00abfacilitar\u00bb con respecto a la GBV, as\u00ed como las dificultades a la hora de determinar el alcance total de la GBV. Tambi\u00e9n se pasa revista a las disposiciones espec\u00edficas sobre GBV en el marco del TCA y se reflexiona sobre c\u00f3mo podr\u00edan ponerlas en pr\u00e1ctica los Estados Partes de forma adecuada. Finalmente, se ilustra la pr\u00e1ctica vigente de los Estados Partes basada en entrevistas con distintos funcionarios encargados de la concesi\u00f3n de licencias procedentes de diversos Estados y se presentan dos supuestos ilustrativos del proceso de evaluaci\u00f3n del riesgo de GBV.<\/p>\r\n<p><strong>El cap\u00edtulo 2<\/strong><span>\u00a0<\/span>examina en detalle los informes anuales sobre el TCA referentes a 2017. Incluye un an\u00e1lisis general de las pr\u00e1cticas de presentaci\u00f3n de informes en el que se comparan los informes anuales del TCA referentes a 2016 y 2017. Ello permite detectar los cambios en las pr\u00e1cticas de presentaci\u00f3n de informes y evaluar si en los informes referentes a 2017 se resolvieron las incongruencias y lagunas detectadas en el an\u00e1lisis del Monitor de TCA sobre los informes anuales para 2016. En los informes anuales referentes a 2017, los Estados Partes notificaron las exportaciones e importaciones autorizadas o reales de armas convencionales entre el 1 de enero de 2017 y el 31 de diciembre de 2017. Los informes anuales se reputar\u00e1n dentro de los plazos si se publican en el sitio web de la Secretar\u00eda del TCA a m\u00e1s tardar el 7 de junio de 2019 (una semana despu\u00e9s del plazo establecido en art\u00edculo 13 del TCA).<\/p>\r\n<p><strong>El cap\u00edtulo 2.3<\/strong><span>\u00a0<\/span>proporciona, en primer lugar, un an\u00e1lisis general sobre la medida en que las exportaciones e importaciones notificadas son comparables en estos informes (por ejemplo, si un Estado Parte notific\u00f3 una exportaci\u00f3n de fusiles de asalto a otro, \u00bfnotific\u00f3 igualmente el segundo Estado Parte una importaci\u00f3n correspondiente?) En segundo lugar, se ofrecen ejemplos de las pr\u00e1cticas de presentaci\u00f3n de informes y las diferentes fuentes de informaci\u00f3n proporcionadas por los Estados Partes en las plantillas de informes que dificultan la comparaci\u00f3n de los datos de unos informes con otros. En tercer lugar, se presentan recomendaciones extra\u00eddas del Proyecto de Evaluaci\u00f3n de Base del TCA (ATT-BAP) de Stimson Center acerca de las medidas que pueden tomar los Estados Partes con miras a proporcionar informaci\u00f3n completa, precisa y comparable en los informes anuales, de modo que se pueda obtener una visi\u00f3n m\u00e1s amplia del comercio mundial de armas.<\/p>\r\n<p><strong>El cap\u00edtulo 3.1<\/strong><span>\u00a0<\/span>comprende una evaluaci\u00f3n sucinta de los informes anuales relativos a las armas exportadas e importadas durante 2018, presentados antes del 31 de mayo de 2019. Se prev\u00e9 que m\u00e1s Estados Partes presentar\u00e1n su informe en el plazo jur\u00eddico establecido, comprendido entre el 31 de mayo y el comienzo de la CEP 2019. En este sentido, el an\u00e1lisis se ampliar\u00e1 a\u00fan m\u00e1s de cara al informe del Monitor del TCA del pr\u00f3ximo a\u00f1o.<\/p>\r\n<p><strong>El cap\u00edtulo 3.2<\/strong><span>\u00a0<\/span>incluye una evaluaci\u00f3n sucinta de los informes iniciales y las actualizaciones de los mismos presentados por los Estados Partes en junio de 2019. De esta evaluaci\u00f3n se desprende un an\u00e1lisis del incumplimiento en la presentaci\u00f3n de informes, en el que se destacan los problemas que enfrentan los Estados Partes a la hora de satisfacer sus obligaciones en materia de presentaci\u00f3n de informes.<\/p>\r\n<\/div>\r\n<\/div>\r\n<\/div>\r\n<\/div>\r\n<\/div>\n[\/et_pb_text][\/et_pb_column][et_pb_column type=\u00bb1_2&#8243; specialty_columns=\u00bb2&#8243; _builder_version=\u00bb3.25&#8243; custom_padding=\u00bb|||\u00bb custom_padding__hover=\u00bb|||\u00bb][et_pb_row_inner _builder_version=\u00bb4.5.1&#8243; _module_preset=\u00bbdefault\u00bb width=\u00bb100%\u00bb custom_padding=\u00bb4px|||74px||\u00bb][et_pb_column_inner saved_specialty_column_type=\u00bb1_2&#8243; _builder_version=\u00bb4.5.1&#8243; _module_preset=\u00bbdefault\u00bb][et_pb_text _builder_version=\u00bb4.5.1&#8243; _module_preset=\u00bbdefault\u00bb custom_margin=\u00bb||-9px|99px||\u00bb custom_padding=\u00bb|||10px||\u00bb]<h4><span style=\"color: #000000;\">Descarga el informe<\/span><\/h4>[\/et_pb_text][\/et_pb_column_inner][\/et_pb_row_inner][et_pb_row_inner column_structure=\u00bb1_3,1_3,1_3&#8243; _builder_version=\u00bb4.5.1&#8243; _module_preset=\u00bbdefault\u00bb width=\u00bb100%\u00bb custom_margin=\u00bb-21px|||||\u00bb custom_padding=\u00bb11px|35px||196px||\u00bb][et_pb_column_inner type=\u00bb1_3&#8243; saved_specialty_column_type=\u00bb1_2&#8243; _builder_version=\u00bb4.5.1&#8243; _module_preset=\u00bbdefault\u00bb][et_pb_button button_url=\u00bbhttps:\/\/attmonitor.org\/wp-content\/uploads\/2020\/07\/EN_ATT_Monitor-Report-2019_Online.pdf\u00bb button_text=\u00bbIngl\u00e9s\u00bb _builder_version=\u00bb4.5.1&#8243; _module_preset=\u00bbdefault\u00bb custom_button=\u00bbon\u00bb button_text_size=\u00bb15px\u00bb hover_enabled=\u00bb0&#8243;][\/et_pb_button][\/et_pb_column_inner][et_pb_column_inner type=\u00bb1_3&#8243; saved_specialty_column_type=\u00bb1_2&#8243; _builder_version=\u00bb4.5.1&#8243; _module_preset=\u00bbdefault\u00bb][et_pb_button button_url=\u00bbhttps:\/\/attmonitor.org\/wp-content\/uploads\/2020\/07\/FR_ATT_Monitor-Report-2019_Online.pdf\u00bb button_text=\u00bbFranc\u00e9s\u00bb _builder_version=\u00bb4.5.1&#8243; _module_preset=\u00bbdefault\u00bb custom_button=\u00bbon\u00bb button_text_size=\u00bb15px\u00bb hover_enabled=\u00bb0&#8243;][\/et_pb_button][\/et_pb_column_inner][et_pb_column_inner type=\u00bb1_3&#8243; saved_specialty_column_type=\u00bb1_2&#8243; _builder_version=\u00bb4.5.1&#8243; _module_preset=\u00bbdefault\u00bb][et_pb_button button_url=\u00bbhttps:\/\/attmonitor.org\/wp-content\/uploads\/2020\/07\/SP_ATT_Monitor-Report-2019_Online.pdf\u00bb button_text=\u00bbEspa\u00f1ol\u00bb _builder_version=\u00bb4.5.1&#8243; _module_preset=\u00bbdefault\u00bb custom_button=\u00bbon\u00bb button_text_size=\u00bb15px\u00bb hover_enabled=\u00bb0&#8243;][\/et_pb_button][\/et_pb_column_inner][\/et_pb_row_inner][et_pb_row_inner _builder_version=\u00bb4.5.1&#8243; _module_preset=\u00bbdefault\u00bb width=\u00bb100%\u00bb custom_padding=\u00bb4px|||74px||\u00bb][et_pb_column_inner saved_specialty_column_type=\u00bb1_2&#8243; _builder_version=\u00bb4.5.1&#8243; _module_preset=\u00bbdefault\u00bb][et_pb_text _builder_version=\u00bb4.5.1&#8243; _module_preset=\u00bbdefault\u00bb width=\u00bb100%\u00bb custom_margin=\u00bb||-9px|||\u00bb custom_padding=\u00bb|||117px||\u00bb hover_enabled=\u00bb0&#8243;]<h4><span style=\"color: #000000;\">Descarga Capitulos\r\n<\/span><span style=\"color: #000000;\"><br \/> <\/span><\/h4>\r\n<ul>\r\n<li><a href=\"https:\/\/attmonitor.org\/wp-content\/uploads\/2020\/07\/EN_ATT_Monitor-Report-2019_Table-1.pdf\">Table 1 &#8211; Reporting Practice Data in Annual Reports\u00a0<\/a><\/li>\r\n<li><a href=\"https:\/\/attmonitor.org\/wp-content\/uploads\/2020\/07\/EN_ATT_Monitor-Report-2019_Table-2.pdf\">Table 2 &#8211; Initial Reports Data<\/a>\u00a0<\/li>\r\n<\/ul>\n[\/et_pb_text][\/et_pb_column_inner][\/et_pb_row_inner][\/et_pb_column][\/et_pb_section]\n","protected":false},"excerpt":{"rendered":"<p>El cap\u00edtulo 1\u00a0se centra en la obligaci\u00f3n de los Estados Partes de tener en cuenta la violencia por raz\u00f3n de g\u00e9nero (GBV) en las evaluaciones de riesgos y retoma el tema del g\u00e9nero y la violencia por raz\u00f3n de g\u00e9nero elegido por el Presidente de la CEP 2019 como tema prioritario de la Conferencia de [&hellip;]<\/p>\n","protected":false},"author":1,"featured_media":0,"parent":0,"menu_order":0,"comment_status":"closed","ping_status":"closed","template":"","meta":{"_et_pb_use_builder":"on","_et_pb_old_content":"","_et_gb_content_width":"","_monsterinsights_skip_tracking":false,"_monsterinsights_sitenote_active":false,"_monsterinsights_sitenote_note":"","_monsterinsights_sitenote_category":0,"footnotes":""},"class_list":["post-2213","page","type-page","status-publish","hentry"],"aioseo_notices":[],"_links":{"self":[{"href":"https:\/\/attmonitor.org\/es\/wp-json\/wp\/v2\/pages\/2213","targetHints":{"allow":["GET"]}}],"collection":[{"href":"https:\/\/attmonitor.org\/es\/wp-json\/wp\/v2\/pages"}],"about":[{"href":"https:\/\/attmonitor.org\/es\/wp-json\/wp\/v2\/types\/page"}],"author":[{"embeddable":true,"href":"https:\/\/attmonitor.org\/es\/wp-json\/wp\/v2\/users\/1"}],"replies":[{"embeddable":true,"href":"https:\/\/attmonitor.org\/es\/wp-json\/wp\/v2\/comments?post=2213"}],"version-history":[{"count":0,"href":"https:\/\/attmonitor.org\/es\/wp-json\/wp\/v2\/pages\/2213\/revisions"}],"wp:attachment":[{"href":"https:\/\/attmonitor.org\/es\/wp-json\/wp\/v2\/media?parent=2213"}],"curies":[{"name":"wp","href":"https:\/\/api.w.org\/{rel}","templated":true}]}}