{"id":2195,"date":"2021-10-05T23:28:27","date_gmt":"2021-10-05T23:28:27","guid":{"rendered":"https:\/\/smdla.tk\/el-informe-2015\/"},"modified":"2021-12-01T19:51:20","modified_gmt":"2021-12-01T19:51:20","slug":"el-informe-2015","status":"publish","type":"page","link":"https:\/\/attmonitor.org\/es\/el-informe-2015\/","title":{"rendered":"El Informe 2015"},"content":{"rendered":"<p>[et_pb_section fb_built=\u00bb1&#8243; fullwidth=\u00bbon\u00bb _builder_version=\u00bb4.5.1&#8243; _module_preset=\u00bbdefault\u00bb global_colors_info=\u00bb{}\u00bb][et_pb_fullwidth_image src=\u00bbhttps:\/\/attmonitor.org\/wp-content\/uploads\/2020\/07\/b-e1595570238700.png\u00bb title_text=\u00bbb\u00bb _builder_version=\u00bb4.5.1&#8243; _module_preset=\u00bbdefault\u00bb global_colors_info=\u00bb{}\u00bb][\/et_pb_fullwidth_image][\/et_pb_section][et_pb_section fb_built=\u00bb1&#8243; _builder_version=\u00bb4.5.1&#8243; _module_preset=\u00bbdefault\u00bb custom_padding=\u00bb||0px|||\u00bb global_colors_info=\u00bb{}\u00bb][et_pb_row _builder_version=\u00bb4.5.1&#8243; _module_preset=\u00bbdefault\u00bb custom_padding=\u00bb||0px|||\u00bb global_colors_info=\u00bb{}\u00bb][et_pb_column type=\u00bb4_4&#8243; _builder_version=\u00bb4.5.1&#8243; _module_preset=\u00bbdefault\u00bb global_colors_info=\u00bb{}\u00bb][et_pb_post_title meta=\u00bboff\u00bb featured_image=\u00bboff\u00bb _builder_version=\u00bb4.5.1&#8243; _module_preset=\u00bbdefault\u00bb global_colors_info=\u00bb{}\u00bb][\/et_pb_post_title][et_pb_divider color=\u00bb#e02b20&#8243; divider_weight=\u00bb2px\u00bb _builder_version=\u00bb4.5.1&#8243; _module_preset=\u00bbdefault\u00bb width=\u00bb15%\u00bb global_colors_info=\u00bb{}\u00bb][\/et_pb_divider][\/et_pb_column][\/et_pb_row][\/et_pb_section][et_pb_section fb_built=\u00bb1&#8243; specialty=\u00bbon\u00bb _builder_version=\u00bb4.5.1&#8243; _module_preset=\u00bbdefault\u00bb custom_padding=\u00bb0px|||||\u00bb global_colors_info=\u00bb{}\u00bb][et_pb_column type=\u00bb1_2&#8243; _builder_version=\u00bb3.25&#8243; custom_padding=\u00bb|||\u00bb global_colors_info=\u00bb{}\u00bb custom_padding__hover=\u00bb|||\u00bb][et_pb_text _builder_version=\u00bb4.13.1&#8243; _module_preset=\u00bbdefault\u00bb width=\u00bb124.3%\u00bb custom_margin=\u00bb-31px|-101px||||\u00bb hover_enabled=\u00bb0&#8243; global_colors_info=\u00bb{}\u00bb sticky_enabled=\u00bb0&#8243;]<\/p>\n<p>El cap\u00edtulo 1 incluye un examen en profundidad de las obligaciones legales de los importadores y exportadores. El cap\u00edtulo 1.1 se centra en las obligaciones legales de los exportadores, concretamente en la exportaci\u00f3n y la evaluaci\u00f3n de las exportaciones (art\u00edculo 7) y los aspectos jur\u00eddicos fundamentales que los Estados exportadores deben tomar en cuenta antes de tomar decisiones sobre transferencias. El cap\u00edtulo 1.2 ilustra el proceso de toma de decisiones sobre las transferencias a un pa\u00eds hipot\u00e9tico, al tiempo que estudia en detalle d\u00f3nde hay informaci\u00f3n disponible que ayude en la toma de decisiones y el modo de obtenerla. En el cap\u00edtulo 1.3 se examinan las obligaciones de los importadores (art\u00edculo 8) al explorar elementos y ejemplos de sistemas estatales, y al reflexionar sobre los desaf\u00edos y oportunidades que se presentan a los Estados Partes actuales y futuros.<\/p>\n<p>El cap\u00edtulo 2 examina la infraestructura y los sistemas que se encuentran en una amplia muestra de pa\u00edses. El cap\u00edtulo 2.1 ilustra las distintas formas en que los Estados Partes pueden abordar de manera efectiva las obligaciones institucionales, normativas y legislativas esbozadas en el tratado. Perfila las aproximaciones de seis Estados de distintas categor\u00edas comerciales: pa\u00edses exportadores, importadores y de tr\u00e1nsito o de transbordo. El cap\u00edtulo 2.2 examina el Proyecto de Estudio de Base del Tratado de Comercio de Armas (ATT-BAP, por sus siglas en ingl\u00e9s); analiza algunas de las principales lecciones que han surgido y lo que realmente significan las conclusiones de \u00e9ste.<\/p>\n<p>El cap\u00edtulo 3 se centra en las actividades de presentaci\u00f3n de informes por parte de los Estados Miembros de las Naciones Unidas, de acuerdo con sus obligaciones respecto de otras iniciativas pertinentes en materia de desarme y control de armamentos. Esto incluye un conjunto de datos que cubre todos los Estados signatarios y Estados Partes, as\u00ed como los Estados que a\u00fan no se han adherido al TCA. El an\u00e1lisis se basa en datos secundarios del Registro de Armas Convencionales de las Naciones Unidas, de la Base de Datos Estad\u00edsticos sobre el Comercio de Mercader\u00edas de las Naciones Unidas (Comtrade), e informes nacionales a disposici\u00f3n del p\u00fablico sobre transferencias de armas.<\/p>\n<p>En el cap\u00edtulo 4 se examinan algunos de los mecanismos multilaterales de financiaci\u00f3n existentes que se han establecido para promover las actividades de aplicaci\u00f3n y universalizaci\u00f3n. All\u00ed se reconoce que la ayuda se presta de muchas formas distintas y que el hecho de concentrarse en la financiaci\u00f3n a veces significa excluir otros esfuerzos encaminados a fomentar la capacidad. Su objetivo es ilustrar la forma en que las actividades de asistencia est\u00e1n contribuyendo a reforzar el impacto general del tratado. Esboza adem\u00e1s mecanismos de apoyo financiero representativos que est\u00e1n ayudando a los Estados y la sociedad civil en la implementaci\u00f3n del TCA.<\/p>\n<p>[\/et_pb_text][\/et_pb_column][et_pb_column type=\u00bb1_2&#8243; specialty_columns=\u00bb2&#8243; _builder_version=\u00bb3.25&#8243; custom_padding=\u00bb|||\u00bb global_colors_info=\u00bb{}\u00bb custom_padding__hover=\u00bb|||\u00bb][et_pb_row_inner _builder_version=\u00bb4.5.1&#8243; _module_preset=\u00bbdefault\u00bb width=\u00bb100%\u00bb custom_padding=\u00bb4px|||74px||\u00bb global_colors_info=\u00bb{}\u00bb][et_pb_column_inner saved_specialty_column_type=\u00bb1_2&#8243; _builder_version=\u00bb4.5.1&#8243; _module_preset=\u00bbdefault\u00bb global_colors_info=\u00bb{}\u00bb][et_pb_text _builder_version=\u00bb4.5.1&#8243; _module_preset=\u00bbdefault\u00bb custom_margin=\u00bb||-9px|99px||\u00bb custom_padding=\u00bb|||10px||\u00bb global_colors_info=\u00bb{}\u00bb]<\/p>\n<h4><span style=\"color: #000000;\">Descarga el informe<\/span><\/h4>\n<p>[\/et_pb_text][\/et_pb_column_inner][\/et_pb_row_inner][et_pb_row_inner column_structure=\u00bb1_3,1_3,1_3&#8243; _builder_version=\u00bb4.5.1&#8243; _module_preset=\u00bbdefault\u00bb width=\u00bb100%\u00bb custom_margin=\u00bb-21px|||||\u00bb custom_padding=\u00bb11px|35px||196px||\u00bb global_colors_info=\u00bb{}\u00bb][et_pb_column_inner type=\u00bb1_3&#8243; saved_specialty_column_type=\u00bb1_2&#8243; _builder_version=\u00bb4.5.1&#8243; _module_preset=\u00bbdefault\u00bb global_colors_info=\u00bb{}\u00bb][et_pb_button button_url=\u00bbhttps:\/\/attmonitor.org\/wp-content\/uploads\/2020\/07\/ATT-Monitor-2015_Online.pdf\u00bb button_text=\u00bbIngl\u00e9s\u00bb _builder_version=\u00bb4.5.1&#8243; _module_preset=\u00bbdefault\u00bb custom_button=\u00bbon\u00bb button_text_size=\u00bb15px\u00bb global_colors_info=\u00bb{}\u00bb][\/et_pb_button][\/et_pb_column_inner][et_pb_column_inner type=\u00bb1_3&#8243; saved_specialty_column_type=\u00bb1_2&#8243; _builder_version=\u00bb4.5.1&#8243; _module_preset=\u00bbdefault\u00bb global_colors_info=\u00bb{}\u00bb][et_pb_button button_url=\u00bbhttps:\/\/attmonitor.org\/wp-content\/uploads\/2020\/07\/ATT-FRENCH-Monitor-2015_Online.pdf\u00bb button_text=\u00bbFranc\u00e9s\u00bb _builder_version=\u00bb4.5.1&#8243; _module_preset=\u00bbdefault\u00bb custom_button=\u00bbon\u00bb button_text_size=\u00bb15px\u00bb global_colors_info=\u00bb{}\u00bb][\/et_pb_button][\/et_pb_column_inner][et_pb_column_inner type=\u00bb1_3&#8243; saved_specialty_column_type=\u00bb1_2&#8243; _builder_version=\u00bb4.5.1&#8243; _module_preset=\u00bbdefault\u00bb global_colors_info=\u00bb{}\u00bb][et_pb_button button_url=\u00bbhttps:\/\/attmonitor.org\/wp-content\/uploads\/2020\/07\/ATT-SPANISH-Monitor-2015_Online.pdf\u00bb button_text=\u00bbEspa\u00f1ol\u00bb _builder_version=\u00bb4.5.1&#8243; _module_preset=\u00bbdefault\u00bb custom_button=\u00bbon\u00bb button_text_size=\u00bb15px\u00bb global_colors_info=\u00bb{}\u00bb][\/et_pb_button][\/et_pb_column_inner][\/et_pb_row_inner][et_pb_row_inner _builder_version=\u00bb4.5.1&#8243; _module_preset=\u00bbdefault\u00bb width=\u00bb100%\u00bb custom_padding=\u00bb4px|||74px||\u00bb global_colors_info=\u00bb{}\u00bb][et_pb_column_inner saved_specialty_column_type=\u00bb1_2&#8243; _builder_version=\u00bb4.5.1&#8243; _module_preset=\u00bbdefault\u00bb global_colors_info=\u00bb{}\u00bb][et_pb_text _builder_version=\u00bb4.5.1&#8243; _module_preset=\u00bbdefault\u00bb width=\u00bb100%\u00bb custom_margin=\u00bb||-9px|||\u00bb custom_padding=\u00bb|||117px||\u00bb global_colors_info=\u00bb{}\u00bb]<\/p>\n<h4><span style=\"color: #000000;\">Descarga Capitulos<\/span><\/h4>\n<p><span style=\"color: #000000;\"><\/span><\/p>\n<p><span style=\"color: #000000;\"><\/span><\/p>\n<ul>\n<li><a href=\"https:\/\/attmonitor.org\/wp-content\/uploads\/2020\/07\/ATT-Monitor-2015_Exec-Summary.pdf\">Executive Summary<\/a><\/li>\n<li><a href=\"https:\/\/attmonitor.org\/wp-content\/uploads\/2020\/07\/ATT-Monitor-2015_Introduction.pdf\">Introducci\u00f3n<\/a><\/li>\n<li><a href=\"https:\/\/attmonitor.org\/wp-content\/uploads\/2020\/07\/ATT-Monitor-2015_Chapter-1.1.pdf\">El cap\u00edtulo 1.1<\/a><\/li>\n<li><a href=\"https:\/\/attmonitor.org\/wp-content\/uploads\/2020\/07\/ATT-Monitor-2015_Chapter-1.2.pdf\">El cap\u00edtulo 1.2<\/a><\/li>\n<li><a href=\"https:\/\/attmonitor.org\/wp-content\/uploads\/2020\/07\/ATT-Monitor-2015_Chapter-1.3.pdf\">El cap\u00edtulo 1.3<\/a><\/li>\n<li><a href=\"https:\/\/attmonitor.org\/wp-content\/uploads\/2020\/07\/ATT-Monitor-2015_Chapter-2.1.pdf\">El cap\u00edtulo 2.1<\/a><\/li>\n<li><a href=\"https:\/\/attmonitor.org\/wp-content\/uploads\/2020\/07\/ATT-Monitor-2015_Chapter-2.2.pdf\">El cap\u00edtulo 2.2<\/a><\/li>\n<li><a href=\"https:\/\/attmonitor.org\/wp-content\/uploads\/2020\/07\/ATT-Monitor-2015_Chapter-3.pdf\">El cap\u00edtulo 3<\/a><\/li>\n<li><a href=\"https:\/\/attmonitor.org\/wp-content\/uploads\/2020\/07\/ATT-Monitor-2015_Chapter-4.pdf\">El cap\u00edtulo 4<\/a><\/li>\n<li><a href=\"https:\/\/attmonitor.org\/wp-content\/uploads\/2020\/07\/ATT-Monitor-2015_Appendix-1-and-2.pdf\">Ap\u00e9ndice 1 y 2<\/a><\/li>\n<\/ul>\n<p>[\/et_pb_text][\/et_pb_column_inner][\/et_pb_row_inner][\/et_pb_column][\/et_pb_section]<\/p>\n","protected":false},"excerpt":{"rendered":"<p>El cap\u00edtulo 1 incluye un examen en profundidad de las obligaciones legales de los importadores y exportadores. El cap\u00edtulo 1.1 se centra en las obligaciones legales de los exportadores, concretamente en la exportaci\u00f3n y la evaluaci\u00f3n de las exportaciones (art\u00edculo 7) y los aspectos jur\u00eddicos fundamentales que los Estados exportadores deben tomar en cuenta antes [&hellip;]<\/p>\n","protected":false},"author":1,"featured_media":0,"parent":0,"menu_order":0,"comment_status":"closed","ping_status":"closed","template":"","meta":{"_et_pb_use_builder":"on","_et_pb_old_content":"","_et_gb_content_width":"","_monsterinsights_skip_tracking":false,"_monsterinsights_sitenote_active":false,"_monsterinsights_sitenote_note":"","_monsterinsights_sitenote_category":0,"footnotes":""},"class_list":["post-2195","page","type-page","status-publish","hentry"],"aioseo_notices":[],"_links":{"self":[{"href":"https:\/\/attmonitor.org\/es\/wp-json\/wp\/v2\/pages\/2195","targetHints":{"allow":["GET"]}}],"collection":[{"href":"https:\/\/attmonitor.org\/es\/wp-json\/wp\/v2\/pages"}],"about":[{"href":"https:\/\/attmonitor.org\/es\/wp-json\/wp\/v2\/types\/page"}],"author":[{"embeddable":true,"href":"https:\/\/attmonitor.org\/es\/wp-json\/wp\/v2\/users\/1"}],"replies":[{"embeddable":true,"href":"https:\/\/attmonitor.org\/es\/wp-json\/wp\/v2\/comments?post=2195"}],"version-history":[{"count":1,"href":"https:\/\/attmonitor.org\/es\/wp-json\/wp\/v2\/pages\/2195\/revisions"}],"predecessor-version":[{"id":4348,"href":"https:\/\/attmonitor.org\/es\/wp-json\/wp\/v2\/pages\/2195\/revisions\/4348"}],"wp:attachment":[{"href":"https:\/\/attmonitor.org\/es\/wp-json\/wp\/v2\/media?parent=2195"}],"curies":[{"name":"wp","href":"https:\/\/api.w.org\/{rel}","templated":true}]}}