{"id":2189,"date":"2021-10-05T23:22:24","date_gmt":"2021-10-05T23:22:24","guid":{"rendered":"https:\/\/smdla.tk\/tackling-terror\/"},"modified":"2021-12-16T16:01:04","modified_gmt":"2021-12-16T16:01:04","slug":"la-lucha-contra-el-terror","status":"publish","type":"page","link":"https:\/\/attmonitor.org\/es\/la-lucha-contra-el-terror\/","title":{"rendered":"La Lucha Contra el Terror"},"content":{"rendered":"<p>[et_pb_section fb_built=\u00bb1&#8243; fullwidth=\u00bbon\u00bb _builder_version=\u00bb4.5.1&#8243; _module_preset=\u00bbdefault\u00bb locked=\u00bboff\u00bb][et_pb_fullwidth_image src=\u00bbhttps:\/\/attmonitor.org\/wp-content\/uploads\/2020\/07\/b-e1595570238700.png\u00bb title_text=\u00bbb\u00bb _builder_version=\u00bb4.5.1&#8243; _module_preset=\u00bbdefault\u00bb][\/et_pb_fullwidth_image][\/et_pb_section][et_pb_section fb_built=\u00bb1&#8243; _builder_version=\u00bb4.5.1&#8243; _module_preset=\u00bbdefault\u00bb custom_padding=\u00bb||0px|||\u00bb locked=\u00bboff\u00bb][et_pb_row _builder_version=\u00bb4.5.1&#8243; _module_preset=\u00bbdefault\u00bb custom_padding=\u00bb||0px|||\u00bb][et_pb_column type=\u00bb4_4&#8243; _builder_version=\u00bb4.5.1&#8243; _module_preset=\u00bbdefault\u00bb][et_pb_post_title meta=\u00bboff\u00bb featured_image=\u00bboff\u00bb _builder_version=\u00bb4.5.1&#8243; _module_preset=\u00bbdefault\u00bb hover_enabled=\u00bb0&#8243; meta_font=\u00bb|||on|||||\u00bb title_font=\u00bb|||on|||||\u00bb][\/et_pb_post_title][et_pb_text admin_label=\u00bbText\u00bb _builder_version=\u00bb4.5.1&#8243; _module_preset=\u00bbdefault\u00bb custom_margin=\u00bb-24px|||||\u00bb hover_enabled=\u00bb0&#8243;]<\/p>\n<h4 class=\"entry-title line-title\">C\u00f3mo el Tratado sobre el Comercio de Armas podr\u00eda detener el desv\u00edo de armas y municiones en \u00c1frica Occidental<\/h4>\n<p>[\/et_pb_text][et_pb_divider color=\u00bb#e02b20&#8243; divider_weight=\u00bb2px\u00bb _builder_version=\u00bb4.5.1&#8243; _module_preset=\u00bbdefault\u00bb width=\u00bb15%\u00bb][\/et_pb_divider][\/et_pb_column][\/et_pb_row][\/et_pb_section][et_pb_section fb_built=\u00bb1&#8243; specialty=\u00bbon\u00bb _builder_version=\u00bb4.5.1&#8243; _module_preset=\u00bbdefault\u00bb custom_padding=\u00bb0px|||||\u00bb locked=\u00bboff\u00bb][et_pb_column type=\u00bb1_2&#8243; _builder_version=\u00bb3.25&#8243; custom_padding=\u00bb|||\u00bb custom_padding__hover=\u00bb|||\u00bb][et_pb_text _builder_version=\u00bb4.5.1&#8243; _module_preset=\u00bbdefault\u00bb width=\u00bb124.3%\u00bb custom_margin=\u00bb-31px|-101px||||\u00bb]<\/p>\n<div class=\"page\" title=\"Page 16\">\n<div class=\"layoutArea\">\n<div class=\"page\" title=\"Page 16\">\n<div class=\"layoutArea\">\n<div class=\"column\">\n<p>El Tratado sobre el Comercio de Armas (TCA) puede ser una herramienta importante para abordar el flujo de armas y municiones, terroristas y grupos armados en \u00c1frica Occidental.\u00a0<\/p>\n<p>Un nuevo estudio de caso elaborado por el Monitor del TCA muestra que si los Estados aplican fielmente las obligaciones del TCA, y si el Tratado se implementa en conjunto con otros instrumentos mundiales y regionales pertinentes, podr\u00edan tener un impacto significativo en la fuga de armas a manos de grupos terroristas. Esto se produce en un contexto de aumento de la violencia contra los civiles en la regi\u00f3n, con m\u00e1s de 3,700 civiles asesinados por grupos armados en \u00c1frica occidental solo en 2014.\u00a0<\/p>\n<p>El estudio de caso investiga tres ejemplos de las complejas redes de proliferaci\u00f3n de armas en \u00c1frica Occidental:<\/p>\n<ul>\n<li>Boko Haram en Nigeria y pa\u00edses vecinos<\/li>\n<li>AQIM y otros actores armados en Mali<\/li>\n<li>Forces Nouvelles y otros grupos armados en Cote d\u2019Ivoire.<\/li>\n<\/ul>\n<\/div>\n<\/div>\n<\/div>\n<\/div>\n<\/div>\n<p>[\/et_pb_text][\/et_pb_column][et_pb_column type=\u00bb1_2&#8243; specialty_columns=\u00bb2&#8243; _builder_version=\u00bb3.25&#8243; custom_padding=\u00bb|||\u00bb custom_padding__hover=\u00bb|||\u00bb][et_pb_row_inner _builder_version=\u00bb4.5.1&#8243; _module_preset=\u00bbdefault\u00bb width=\u00bb100%\u00bb custom_padding=\u00bb4px|||74px||\u00bb][et_pb_column_inner saved_specialty_column_type=\u00bb1_2&#8243; _builder_version=\u00bb4.5.1&#8243; _module_preset=\u00bbdefault\u00bb][et_pb_text _builder_version=\u00bb4.5.1&#8243; _module_preset=\u00bbdefault\u00bb custom_margin=\u00bb||-9px|99px||\u00bb custom_padding=\u00bb|||10px||\u00bb]<\/p>\n<h4><span style=\"color: #000000;\">Descarga el informe<\/span><\/h4>\n<p>[\/et_pb_text][\/et_pb_column_inner][\/et_pb_row_inner][et_pb_row_inner column_structure=\u00bb1_3,1_3,1_3&#8243; _builder_version=\u00bb4.5.1&#8243; _module_preset=\u00bbdefault\u00bb width=\u00bb100%\u00bb custom_margin=\u00bb-21px|||||\u00bb custom_padding=\u00bb11px|35px||196px||\u00bb][et_pb_column_inner type=\u00bb1_3&#8243; saved_specialty_column_type=\u00bb1_2&#8243; _builder_version=\u00bb4.5.1&#8243; _module_preset=\u00bbdefault\u00bb][et_pb_button button_url=\u00bbhttps:\/\/attmonitor.org\/wp-content\/uploads\/2020\/07\/ATT-Monitor-Case-Study-3-Tackling-Terror-1.pdf\u00bb button_text=\u00bbIngl\u00e9s\u00bb _builder_version=\u00bb4.5.1&#8243; _module_preset=\u00bbdefault\u00bb custom_button=\u00bbon\u00bb button_text_size=\u00bb15px\u00bb][\/et_pb_button][\/et_pb_column_inner][et_pb_column_inner type=\u00bb1_3&#8243; saved_specialty_column_type=\u00bb1_2&#8243; _builder_version=\u00bb4.5.1&#8243; _module_preset=\u00bbdefault\u00bb][et_pb_button button_url=\u00bbhttps:\/\/attmonitor.org\/wp-content\/uploads\/2020\/07\/TACKLIKNG-TERRORFRENCH.pdf\u00bb button_text=\u00bbFranc\u00e9s\u00bb _builder_version=\u00bb4.5.1&#8243; _module_preset=\u00bbdefault\u00bb custom_button=\u00bbon\u00bb button_text_size=\u00bb15px\u00bb][\/et_pb_button][\/et_pb_column_inner][et_pb_column_inner type=\u00bb1_3&#8243; saved_specialty_column_type=\u00bb1_2&#8243; _builder_version=\u00bb4.5.1&#8243; _module_preset=\u00bbdefault\u00bb][\/et_pb_column_inner][\/et_pb_row_inner][\/et_pb_column][\/et_pb_section]<\/p>\n","protected":false},"excerpt":{"rendered":"<p>C\u00f3mo el Tratado sobre el Comercio de Armas podr\u00eda detener el desv\u00edo de armas y municiones en \u00c1frica Occidental El Tratado sobre el Comercio de Armas (TCA) puede ser una herramienta importante para abordar el flujo de armas y municiones, terroristas y grupos armados en \u00c1frica Occidental.\u00a0 Un nuevo estudio de caso elaborado por el [&hellip;]<\/p>\n","protected":false},"author":1,"featured_media":0,"parent":0,"menu_order":0,"comment_status":"closed","ping_status":"closed","template":"","meta":{"_et_pb_use_builder":"on","_et_pb_old_content":"","_et_gb_content_width":"","_monsterinsights_skip_tracking":false,"_monsterinsights_sitenote_active":false,"_monsterinsights_sitenote_note":"","_monsterinsights_sitenote_category":0,"footnotes":""},"class_list":["post-2189","page","type-page","status-publish","hentry"],"aioseo_notices":[],"_links":{"self":[{"href":"https:\/\/attmonitor.org\/es\/wp-json\/wp\/v2\/pages\/2189","targetHints":{"allow":["GET"]}}],"collection":[{"href":"https:\/\/attmonitor.org\/es\/wp-json\/wp\/v2\/pages"}],"about":[{"href":"https:\/\/attmonitor.org\/es\/wp-json\/wp\/v2\/types\/page"}],"author":[{"embeddable":true,"href":"https:\/\/attmonitor.org\/es\/wp-json\/wp\/v2\/users\/1"}],"replies":[{"embeddable":true,"href":"https:\/\/attmonitor.org\/es\/wp-json\/wp\/v2\/comments?post=2189"}],"version-history":[{"count":6,"href":"https:\/\/attmonitor.org\/es\/wp-json\/wp\/v2\/pages\/2189\/revisions"}],"predecessor-version":[{"id":4247,"href":"https:\/\/attmonitor.org\/es\/wp-json\/wp\/v2\/pages\/2189\/revisions\/4247"}],"wp:attachment":[{"href":"https:\/\/attmonitor.org\/es\/wp-json\/wp\/v2\/media?parent=2189"}],"curies":[{"name":"wp","href":"https:\/\/api.w.org\/{rel}","templated":true}]}}