{"id":2182,"date":"2021-10-05T23:14:19","date_gmt":"2021-10-05T23:14:19","guid":{"rendered":"https:\/\/smdla.tk\/goals-not-guns\/"},"modified":"2021-11-29T08:55:19","modified_gmt":"2021-11-29T08:55:19","slug":"objetivos-no-armas","status":"publish","type":"page","link":"https:\/\/attmonitor.org\/es\/objetivos-no-armas\/","title":{"rendered":"Objetivos, no armas"},"content":{"rendered":"<p>[et_pb_section fb_built=\u00bb1&#8243; fullwidth=\u00bbon\u00bb _builder_version=\u00bb4.5.1&#8243; _module_preset=\u00bbdefault\u00bb locked=\u00bboff\u00bb][et_pb_fullwidth_image src=\u00bbhttps:\/\/attmonitor.org\/wp-content\/uploads\/2020\/07\/b-e1595570238700.png\u00bb title_text=\u00bbb\u00bb _builder_version=\u00bb4.5.1&#8243; _module_preset=\u00bbdefault\u00bb][\/et_pb_fullwidth_image][\/et_pb_section][et_pb_section fb_built=\u00bb1&#8243; _builder_version=\u00bb4.5.1&#8243; _module_preset=\u00bbdefault\u00bb custom_padding=\u00bb||0px|||\u00bb locked=\u00bboff\u00bb][et_pb_row _builder_version=\u00bb4.5.1&#8243; _module_preset=\u00bbdefault\u00bb custom_padding=\u00bb||0px|||\u00bb][et_pb_column type=\u00bb4_4&#8243; _builder_version=\u00bb4.5.1&#8243; _module_preset=\u00bbdefault\u00bb][et_pb_post_title meta=\u00bboff\u00bb featured_image=\u00bboff\u00bb _builder_version=\u00bb4.5.1&#8243; _module_preset=\u00bbdefault\u00bb hover_enabled=\u00bb0&#8243; title_font=\u00bb|||on|||||\u00bb][\/et_pb_post_title][et_pb_text _builder_version=\u00bb4.5.1&#8243; _module_preset=\u00bbdefault\u00bb custom_margin=\u00bb-27px|||||\u00bb custom_padding=\u00bb13px|||||\u00bb hover_enabled=\u00bb0&#8243;]<\/p>\n<h4>C\u00f3mo se interrelacionan los Objetivos de Desarrollo Sostenible y el Tratado sobre el Comercio de Armas<\/h4>\n<p>[\/et_pb_text][et_pb_divider color=\u00bb#e02b20&#8243; divider_weight=\u00bb2px\u00bb _builder_version=\u00bb4.5.1&#8243; _module_preset=\u00bbdefault\u00bb width=\u00bb15%\u00bb][\/et_pb_divider][\/et_pb_column][\/et_pb_row][\/et_pb_section][et_pb_section fb_built=\u00bb1&#8243; specialty=\u00bbon\u00bb _builder_version=\u00bb4.5.1&#8243; _module_preset=\u00bbdefault\u00bb custom_padding=\u00bb0px|||||\u00bb locked=\u00bboff\u00bb][et_pb_column type=\u00bb1_2&#8243; _builder_version=\u00bb3.25&#8243; custom_padding=\u00bb|||\u00bb custom_padding__hover=\u00bb|||\u00bb][et_pb_text _builder_version=\u00bb4.5.1&#8243; _module_preset=\u00bbdefault\u00bb width=\u00bb124.3%\u00bb custom_margin=\u00bb-31px|-101px||||\u00bb]<\/p>\n<div>En 2015, la comunidad internacional acord\u00f3 los Objetivos de Desarrollo Sostenible (ODS) para 2030, una colecci\u00f3n de 17 objetivos amplios interconectados que tienen como objetivo lograr un mundo transformado durante los pr\u00f3ximos a\u00f1os.<\/div>\n<div>\u00a0<\/div>\n<div>El flujo de armas, tanto l\u00edcitas como il\u00edcitas, puede socavar y obstaculizar el desarrollo.\u00a0<\/div>\n<p>El Tratado sobre el Comercio de Armas y los ODS est\u00e1n indisolublemente interrelacionados. Hay muchas \u00e1reas donde los objetivos de estos dos procesos se superponen. Un v\u00ednculo obvio es la Meta 16.4 de los ODS, que exige reducciones significativas de los flujos de armas il\u00edcitas. Sin embargo, las conexiones son mucho m\u00e1s amplias y profundas que eso, e incluyen la reducci\u00f3n de la violencia de g\u00e9nero y la mejor\u00eda de la igualdad de g\u00e9nero, y hacer que las ciudades sean m\u00e1s seguras al abordar la proliferaci\u00f3n de armas peque\u00f1as y ligeras.\u00a0<\/p>\n<div>Este estudio de caso explora estas interconexiones entre el TCA y los ODS. Muestra c\u00f3mo existen oportunidades para abordar las obligaciones complementarias a trav\u00e9s de la Asistencia Oficial para el Desarrollo (AOD), y argumenta que es necesario un compromiso m\u00e1s directo y pr\u00e1ctico entre los expertos en armas y la comunidad del desarrollo.\u00a0<\/div>\n<div>\u00a0<\/div>\n<div>Tanto el TCA como los ODS requieren una implementaci\u00f3n efectiva por parte de los estados a nivel nacional. Si el TCA se implementa de manera efectiva, tendr\u00e1 un impacto positivo en el logro de los ODS y viceversa. Por el contrario, la implementaci\u00f3n inadecuada de cualquiera de ellos podr\u00eda socavar el \u00e9xito de ambos.\u00a0<\/div>\n<p>[\/et_pb_text][\/et_pb_column][et_pb_column type=\u00bb1_2&#8243; specialty_columns=\u00bb2&#8243; _builder_version=\u00bb3.25&#8243; custom_padding=\u00bb|||\u00bb custom_padding__hover=\u00bb|||\u00bb][et_pb_row_inner _builder_version=\u00bb4.5.1&#8243; _module_preset=\u00bbdefault\u00bb width=\u00bb100%\u00bb custom_padding=\u00bb4px|||74px||\u00bb][et_pb_column_inner saved_specialty_column_type=\u00bb1_2&#8243; _builder_version=\u00bb4.5.1&#8243; _module_preset=\u00bbdefault\u00bb][et_pb_text _builder_version=\u00bb4.5.1&#8243; _module_preset=\u00bbdefault\u00bb custom_margin=\u00bb||-9px|99px||\u00bb custom_padding=\u00bb|||10px||\u00bb]<\/p>\n<h4><span style=\"color: #000000;\">Descarga la investigaci\u00f3n<\/span><\/h4>\n<p>[\/et_pb_text][\/et_pb_column_inner][\/et_pb_row_inner][et_pb_row_inner column_structure=\u00bb1_3,1_3,1_3&#8243; _builder_version=\u00bb4.5.1&#8243; _module_preset=\u00bbdefault\u00bb width=\u00bb100%\u00bb custom_margin=\u00bb-21px|||||\u00bb custom_padding=\u00bb11px|35px||196px||\u00bb][et_pb_column_inner type=\u00bb1_3&#8243; saved_specialty_column_type=\u00bb1_2&#8243; _builder_version=\u00bb4.5.1&#8243; _module_preset=\u00bbdefault\u00bb][et_pb_button button_url=\u00bbhttps:\/\/attmonitor.org\/wp-content\/uploads\/2020\/07\/ATT-Monitor_Goals-not-Guns-Case-Study_ENG_final_ONLINE-1.pdf\u00bb button_text=\u00bbIngl\u00e9s\u00bb _builder_version=\u00bb4.5.1&#8243; _module_preset=\u00bbdefault\u00bb custom_button=\u00bbon\u00bb button_text_size=\u00bb15px\u00bb][\/et_pb_button][\/et_pb_column_inner][et_pb_column_inner type=\u00bb1_3&#8243; saved_specialty_column_type=\u00bb1_2&#8243; _builder_version=\u00bb4.5.1&#8243; _module_preset=\u00bbdefault\u00bb][et_pb_button button_url=\u00bb\/wp-content\/uploads\/2021\/11\/ATT-Monitor_Goals-not-Guns-Case-Study_FR_ONLINE.pdf\u00bb button_text=\u00bbFranc\u00e9s\u00bb _builder_version=\u00bb4.5.1&#8243; _module_preset=\u00bbdefault\u00bb custom_button=\u00bbon\u00bb button_text_size=\u00bb15px\u00bb][\/et_pb_button][\/et_pb_column_inner][et_pb_column_inner type=\u00bb1_3&#8243; saved_specialty_column_type=\u00bb1_2&#8243; _builder_version=\u00bb4.5.1&#8243; _module_preset=\u00bbdefault\u00bb][\/et_pb_column_inner][\/et_pb_row_inner][\/et_pb_column][\/et_pb_section]<\/p>\n","protected":false},"excerpt":{"rendered":"<p>C\u00f3mo se interrelacionan los Objetivos de Desarrollo Sostenible y el Tratado sobre el Comercio de Armas En 2015, la comunidad internacional acord\u00f3 los Objetivos de Desarrollo Sostenible (ODS) para 2030, una colecci\u00f3n de 17 objetivos amplios interconectados que tienen como objetivo lograr un mundo transformado durante los pr\u00f3ximos a\u00f1os. \u00a0 El flujo de armas, tanto [&hellip;]<\/p>\n","protected":false},"author":1,"featured_media":0,"parent":0,"menu_order":0,"comment_status":"closed","ping_status":"closed","template":"","meta":{"_et_pb_use_builder":"on","_et_pb_old_content":"","_et_gb_content_width":"","_monsterinsights_skip_tracking":false,"_monsterinsights_sitenote_active":false,"_monsterinsights_sitenote_note":"","_monsterinsights_sitenote_category":0,"footnotes":""},"class_list":["post-2182","page","type-page","status-publish","hentry"],"aioseo_notices":[],"_links":{"self":[{"href":"https:\/\/attmonitor.org\/es\/wp-json\/wp\/v2\/pages\/2182","targetHints":{"allow":["GET"]}}],"collection":[{"href":"https:\/\/attmonitor.org\/es\/wp-json\/wp\/v2\/pages"}],"about":[{"href":"https:\/\/attmonitor.org\/es\/wp-json\/wp\/v2\/types\/page"}],"author":[{"embeddable":true,"href":"https:\/\/attmonitor.org\/es\/wp-json\/wp\/v2\/users\/1"}],"replies":[{"embeddable":true,"href":"https:\/\/attmonitor.org\/es\/wp-json\/wp\/v2\/comments?post=2182"}],"version-history":[{"count":3,"href":"https:\/\/attmonitor.org\/es\/wp-json\/wp\/v2\/pages\/2182\/revisions"}],"predecessor-version":[{"id":4238,"href":"https:\/\/attmonitor.org\/es\/wp-json\/wp\/v2\/pages\/2182\/revisions\/4238"}],"wp:attachment":[{"href":"https:\/\/attmonitor.org\/es\/wp-json\/wp\/v2\/media?parent=2182"}],"curies":[{"name":"wp","href":"https:\/\/api.w.org\/{rel}","templated":true}]}}