{"id":2179,"date":"2021-10-01T01:54:30","date_gmt":"2021-10-01T01:54:30","guid":{"rendered":"https:\/\/smdla.tk\/comerciar-con-dobles-raseros\/"},"modified":"2021-11-29T10:00:21","modified_gmt":"2021-11-29T10:00:21","slug":"comerciar-con-dobles-raseros","status":"publish","type":"page","link":"https:\/\/attmonitor.org\/es\/comerciar-con-dobles-raseros\/","title":{"rendered":"Comerciar con dobles raseros"},"content":{"rendered":"<p>[et_pb_section fb_built=\u00bb1&#8243; fullwidth=\u00bbon\u00bb _builder_version=\u00bb4.5.1&#8243; _module_preset=\u00bbdefault\u00bb locked=\u00bboff\u00bb][et_pb_fullwidth_image src=\u00bbhttps:\/\/attmonitor.org\/wp-content\/uploads\/2020\/07\/b-e1595570238700.png\u00bb title_text=\u00bbb\u00bb _builder_version=\u00bb4.5.1&#8243; _module_preset=\u00bbdefault\u00bb][\/et_pb_fullwidth_image][\/et_pb_section][et_pb_section fb_built=\u00bb1&#8243; _builder_version=\u00bb4.5.1&#8243; _module_preset=\u00bbdefault\u00bb custom_padding=\u00bb||0px|||\u00bb locked=\u00bboff\u00bb][et_pb_row _builder_version=\u00bb4.5.1&#8243; _module_preset=\u00bbdefault\u00bb custom_padding=\u00bb||0px|||\u00bb][et_pb_column type=\u00bb4_4&#8243; _builder_version=\u00bb4.5.1&#8243; _module_preset=\u00bbdefault\u00bb][et_pb_post_title meta=\u00bboff\u00bb featured_image=\u00bboff\u00bb _builder_version=\u00bb4.5.1&#8243; _module_preset=\u00bbdefault\u00bb hover_enabled=\u00bb0&#8243; title_font=\u00bb|||on|||||\u00bb][\/et_pb_post_title][et_pb_text _builder_version=\u00bb4.5.1&#8243; _module_preset=\u00bbdefault\u00bb custom_margin=\u00bb-27px|||||\u00bb custom_padding=\u00bb13px|||||\u00bb hover_enabled=\u00bb0&#8243;]<\/p>\n<h4>C\u00f3mo las Ventas de Armas a Arabia Saud\u00ed Causan Sufrimiento Humano en Yemen<br \/>\n<\/h4>\n<p>[\/et_pb_text][et_pb_divider color=\u00bb#e02b20&#8243; divider_weight=\u00bb2px\u00bb _builder_version=\u00bb4.5.1&#8243; _module_preset=\u00bbdefault\u00bb width=\u00bb15%\u00bb][\/et_pb_divider][\/et_pb_column][\/et_pb_row][\/et_pb_section][et_pb_section fb_built=\u00bb1&#8243; specialty=\u00bbon\u00bb _builder_version=\u00bb4.5.1&#8243; _module_preset=\u00bbdefault\u00bb custom_padding=\u00bb0px|||||\u00bb locked=\u00bboff\u00bb][et_pb_column type=\u00bb1_2&#8243; _builder_version=\u00bb3.25&#8243; custom_padding=\u00bb|||\u00bb custom_padding__hover=\u00bb|||\u00bb][et_pb_text _builder_version=\u00bb4.5.1&#8243; _module_preset=\u00bbdefault\u00bb width=\u00bb124.3%\u00bb custom_margin=\u00bb-31px|-167px||||\u00bb custom_padding=\u00bb|3px||||\u00bb]<\/p>\n<p>La transferencia ininterrumpida de armas a Arabia Saud\u00ed en 2015, teniendo en cuenta la crisis de Yemen, demuestra que varios Estados Partes est\u00e1n incumpliendo sus obligaciones legales contra\u00eddas en virtud del Tratado sobre el Comercio de Armas (TCA) de la ONU.<\/p>\n<p>En marzo de 2015, una crisis pol\u00edtica de larga duraci\u00f3n en Yemen estall\u00f3 en un conflicto. Una coalici\u00f3n de pa\u00edses, encabezada por Arabia Saudita, inici\u00f3 bombardeos a\u00e9reos en Yemen con el objetivo de restaurar el gobierno que hab\u00eda sido depuesto cuando las fuerzas rebeldes hut\u00edes tomaron el control de la ciudad capital. El conflicto se ha prolongado por un a\u00f1o y cada vez hay m\u00e1s pruebas de las graves violaciones del derecho internacional humanitario (DIH) y del derecho internacional de los derechos humanos (DIH) por parte de todas las partes en el conflicto.<\/p>\n<p><strong>Al menos 22 Estados Partes y Signatarios del TCA han continuado autorizando licencias o exportando armas a Arabia Saud\u00ed en 2015.<\/strong>\u00a0Los principales exportadores son Francia, el Reino Unido y los Estados Unidos.\u00a0<\/p>\n<p>Varios pa\u00edses han rectificado o cambiado sus pol\u00edticas con respecto a las exportaciones de armas a Arabia Saud\u00ed, incluidos los Pa\u00edses Bajos, Suecia y Suiza.<\/p>\n<p>En este estudio de caso, el Monitor del TCA describe el contexto en el que se transfieren las armas, proporciona un resumen ilustrativo de las transferencias de armas que tienen lugar entre los Estados Partes y Signatarios del TCA y Arabia Saud\u00ed, y cuestiona si estos acuerdos violan las obligaciones legales en virtud del TCA. <\/p>\n<p>[\/et_pb_text][\/et_pb_column][et_pb_column type=\u00bb1_2&#8243; specialty_columns=\u00bb2&#8243; _builder_version=\u00bb3.25&#8243; custom_padding=\u00bb|||\u00bb custom_padding__hover=\u00bb|||\u00bb][et_pb_row_inner _builder_version=\u00bb4.5.1&#8243; _module_preset=\u00bbdefault\u00bb width=\u00bb100%\u00bb custom_padding=\u00bb4px|||74px||\u00bb][et_pb_column_inner saved_specialty_column_type=\u00bb1_2&#8243; _builder_version=\u00bb4.5.1&#8243; _module_preset=\u00bbdefault\u00bb][et_pb_text _builder_version=\u00bb4.5.1&#8243; _module_preset=\u00bbdefault\u00bb custom_margin=\u00bb||-9px|99px||\u00bb custom_padding=\u00bb|||10px||\u00bb]<\/p>\n<h4><span style=\"color: #000000;\">Descarga el informe<\/span><\/h4>\n<p>[\/et_pb_text][\/et_pb_column_inner][\/et_pb_row_inner][et_pb_row_inner column_structure=\u00bb1_3,1_3,1_3&#8243; _builder_version=\u00bb4.5.1&#8243; _module_preset=\u00bbdefault\u00bb width=\u00bb100%\u00bb custom_margin=\u00bb-21px|||||\u00bb custom_padding=\u00bb11px|35px||196px||\u00bb][et_pb_column_inner type=\u00bb1_3&#8243; saved_specialty_column_type=\u00bb1_2&#8243; _builder_version=\u00bb4.5.1&#8243; _module_preset=\u00bbdefault\u00bb][et_pb_button button_url=\u00bbhttps:\/\/attmonitor.org\/wp-content\/uploads\/2020\/07\/ATT-Monitor-Case-Study-2-Saudi-Arabia-.pdf\u00bb button_text=\u00bbIngl\u00e9s\u00bb _builder_version=\u00bb4.5.1&#8243; _module_preset=\u00bbdefault\u00bb custom_button=\u00bbon\u00bb button_text_size=\u00bb15px\u00bb][\/et_pb_button][\/et_pb_column_inner][et_pb_column_inner type=\u00bb1_3&#8243; saved_specialty_column_type=\u00bb1_2&#8243; _builder_version=\u00bb4.5.1&#8243; _module_preset=\u00bbdefault\u00bb][et_pb_button button_url=\u00bbhttps:\/\/attmonitor.org\/wp-content\/uploads\/2020\/07\/Case-Study-2-French.pdf\u00bb button_text=\u00bbFranc\u00e9s\u00bb _builder_version=\u00bb4.5.1&#8243; _module_preset=\u00bbdefault\u00bb custom_button=\u00bbon\u00bb button_text_size=\u00bb15px\u00bb][\/et_pb_button][\/et_pb_column_inner][et_pb_column_inner type=\u00bb1_3&#8243; saved_specialty_column_type=\u00bb1_2&#8243; _builder_version=\u00bb4.5.1&#8243; _module_preset=\u00bbdefault\u00bb][et_pb_button button_url=\u00bbhttps:\/\/attmonitor.org\/wp-content\/uploads\/2020\/07\/Case-Study-2-Spanish.pdf\u00bb button_text=\u00bbEspa\u00f1ol\u00bb _builder_version=\u00bb4.5.1&#8243; _module_preset=\u00bbdefault\u00bb custom_button=\u00bbon\u00bb button_text_size=\u00bb15px\u00bb][\/et_pb_button][\/et_pb_column_inner][\/et_pb_row_inner][et_pb_row_inner _builder_version=\u00bb4.5.1&#8243; _module_preset=\u00bbdefault\u00bb width=\u00bb100%\u00bb custom_padding=\u00bb4px|||74px||\u00bb][et_pb_column_inner saved_specialty_column_type=\u00bb1_2&#8243; _builder_version=\u00bb4.5.1&#8243; _module_preset=\u00bbdefault\u00bb][et_pb_text _builder_version=\u00bb4.5.1&#8243; _module_preset=\u00bbdefault\u00bb custom_margin=\u00bb||-9px|99px||\u00bb custom_padding=\u00bb|||10px||\u00bb]<\/p>\n<h4><span style=\"color: #000000;\">Descarga el informe<\/span><\/h4>\n<p>[\/et_pb_text][et_pb_text _builder_version=\u00bb4.5.1&#8243; _module_preset=\u00bbdefault\u00bb custom_padding=\u00bb17px|||108px||\u00bb]<\/p>\n<p><a href=\"https:\/\/attmonitor.org\/wp-content\/uploads\/2020\/07\/ATT-Monitor-Case-Study-2-Update-120916.pdf\">Update to the \u00abDealing in Double Standards\u00bb Case Study<\/a><\/p>\n<p>[\/et_pb_text][\/et_pb_column_inner][\/et_pb_row_inner][\/et_pb_column][\/et_pb_section]<\/p>\n","protected":false},"excerpt":{"rendered":"<p>C\u00f3mo las Ventas de Armas a Arabia Saud\u00ed Causan Sufrimiento Humano en Yemen La transferencia ininterrumpida de armas a Arabia Saud\u00ed en 2015, teniendo en cuenta la crisis de Yemen, demuestra que varios Estados Partes est\u00e1n incumpliendo sus obligaciones legales contra\u00eddas en virtud del Tratado sobre el Comercio de Armas (TCA) de la ONU. En [&hellip;]<\/p>\n","protected":false},"author":1,"featured_media":0,"parent":0,"menu_order":0,"comment_status":"closed","ping_status":"closed","template":"","meta":{"_et_pb_use_builder":"on","_et_pb_old_content":"","_et_gb_content_width":"","_monsterinsights_skip_tracking":false,"_monsterinsights_sitenote_active":false,"_monsterinsights_sitenote_note":"","_monsterinsights_sitenote_category":0,"footnotes":""},"class_list":["post-2179","page","type-page","status-publish","hentry"],"aioseo_notices":[],"_links":{"self":[{"href":"https:\/\/attmonitor.org\/es\/wp-json\/wp\/v2\/pages\/2179","targetHints":{"allow":["GET"]}}],"collection":[{"href":"https:\/\/attmonitor.org\/es\/wp-json\/wp\/v2\/pages"}],"about":[{"href":"https:\/\/attmonitor.org\/es\/wp-json\/wp\/v2\/types\/page"}],"author":[{"embeddable":true,"href":"https:\/\/attmonitor.org\/es\/wp-json\/wp\/v2\/users\/1"}],"replies":[{"embeddable":true,"href":"https:\/\/attmonitor.org\/es\/wp-json\/wp\/v2\/comments?post=2179"}],"version-history":[{"count":6,"href":"https:\/\/attmonitor.org\/es\/wp-json\/wp\/v2\/pages\/2179\/revisions"}],"predecessor-version":[{"id":4252,"href":"https:\/\/attmonitor.org\/es\/wp-json\/wp\/v2\/pages\/2179\/revisions\/4252"}],"wp:attachment":[{"href":"https:\/\/attmonitor.org\/es\/wp-json\/wp\/v2\/media?parent=2179"}],"curies":[{"name":"wp","href":"https:\/\/api.w.org\/{rel}","templated":true}]}}