{"id":2159,"date":"2021-10-01T01:28:35","date_gmt":"2021-10-01T01:28:35","guid":{"rendered":"https:\/\/smdla.tk\/transferencias-de-armas-a-sudan-del-sur\/"},"modified":"2021-11-29T10:36:50","modified_gmt":"2021-11-29T10:36:50","slug":"transferencias-de-armas-a-sudan-del-sur","status":"publish","type":"page","link":"https:\/\/attmonitor.org\/es\/transferencias-de-armas-a-sudan-del-sur\/","title":{"rendered":"Transferencias de Armas a Sud\u00e1n del Sur"},"content":{"rendered":"<p>[et_pb_section fb_built=\u00bb1&#8243; fullwidth=\u00bbon\u00bb _builder_version=\u00bb4.5.1&#8243; _module_preset=\u00bbdefault\u00bb locked=\u00bboff\u00bb global_colors_info=\u00bb{}\u00bb][et_pb_fullwidth_image src=\u00bbhttps:\/\/attmonitor.org\/wp-content\/uploads\/2020\/07\/b-e1595570238700.png\u00bb title_text=\u00bbb\u00bb _builder_version=\u00bb4.5.1&#8243; _module_preset=\u00bbdefault\u00bb global_colors_info=\u00bb{}\u00bb][\/et_pb_fullwidth_image][\/et_pb_section][et_pb_section fb_built=\u00bb1&#8243; _builder_version=\u00bb4.5.1&#8243; _module_preset=\u00bbdefault\u00bb custom_padding=\u00bb||0px|||\u00bb locked=\u00bboff\u00bb global_colors_info=\u00bb{}\u00bb][et_pb_row _builder_version=\u00bb4.5.1&#8243; _module_preset=\u00bbdefault\u00bb custom_padding=\u00bb||0px|||\u00bb global_colors_info=\u00bb{}\u00bb][et_pb_column type=\u00bb4_4&#8243; _builder_version=\u00bb4.5.1&#8243; _module_preset=\u00bbdefault\u00bb global_colors_info=\u00bb{}\u00bb][et_pb_post_title meta=\u00bboff\u00bb featured_image=\u00bboff\u00bb _builder_version=\u00bb4.5.1&#8243; _module_preset=\u00bbdefault\u00bb title_font=\u00bb|||on|||||\u00bb][\/et_pb_post_title][et_pb_divider color=\u00bb#e02b20&#8243; divider_weight=\u00bb2px\u00bb _builder_version=\u00bb4.5.1&#8243; _module_preset=\u00bbdefault\u00bb width=\u00bb15%\u00bb][\/et_pb_divider][\/et_pb_column][\/et_pb_row][\/et_pb_section][et_pb_section fb_built=\u00bb1&#8243; specialty=\u00bbon\u00bb _builder_version=\u00bb4.11.4&#8243; _module_preset=\u00bbdefault\u00bb custom_padding=\u00bb0px|||||\u00bb hover_enabled=\u00bb0&#8243; locked=\u00bboff\u00bb global_colors_info=\u00bb{}\u00bb sticky_enabled=\u00bb0&#8243;][et_pb_column type=\u00bb1_2&#8243; _builder_version=\u00bb3.25&#8243; custom_padding=\u00bb|||\u00bb global_colors_info=\u00bb{}\u00bb custom_padding__hover=\u00bb|||\u00bb][et_pb_text _builder_version=\u00bb4.5.1&#8243; _module_preset=\u00bbdefault\u00bb width=\u00bb124.3%\u00bb custom_margin=\u00bb-31px|-101px||||\u00bb global_colors_info=\u00bb{}\u00bb]<\/p>\n<p>El primer estudio de caso del Monitor del TCA explora c\u00f3mo la entrada en vigor del TCA podr\u00eda marcar una diferencia significativa en el conflicto de Sud\u00e1n del Sur.<\/p>\n<p>Sud\u00e1n del Sur ha sufrido un conflicto armado interno y transfronterizo tanto antes como desde la independencia del pa\u00eds en 2011. M\u00e1s de dos millones de personas han sido desplazadas por la violencia que ha continuado a pesar de varios intentos fallidos de alcanzar acuerdos de alto el fuego.<\/p>\n<p>Este estudio de caso examina las principales fuentes de armas, incluidos sus mecanismos de transferencia, que se utilizan en el actual conflicto de Sud\u00e1n del Sur. El pa\u00eds ha obtenido armas y municiones de varias fuentes clave, incluidas armas peque\u00f1as y poderosas armas explosivas como tanques de batalla y lanzacohetes. Aunque hay muy pocos datos oficiales sobre los tipos y cantidades de transferencias de armas a Sud\u00e1n del Sur, este estudio de caso identifica transferencias de armas que han continuado durante la crisis reciente.<\/p>\n<p>Finalmente, el estudio de caso explora c\u00f3mo el Tratado sobre el Comercio de Armas (TCA) podr\u00eda abordar potencialmente tales transferencias de armas y, por lo tanto, contribuir a salvar vidas y promover la paz en Sud\u00e1n del Sur y la regi\u00f3n en general.<\/p>\n<p>[\/et_pb_text][\/et_pb_column][et_pb_column type=\u00bb1_2&#8243; specialty_columns=\u00bb2&#8243; _builder_version=\u00bb3.25&#8243; custom_padding=\u00bb|||\u00bb global_colors_info=\u00bb{}\u00bb custom_padding__hover=\u00bb|||\u00bb][et_pb_row_inner _builder_version=\u00bb4.5.1&#8243; _module_preset=\u00bbdefault\u00bb width=\u00bb100%\u00bb custom_padding=\u00bb4px|||74px||\u00bb global_colors_info=\u00bb{}\u00bb][et_pb_column_inner saved_specialty_column_type=\u00bb1_2&#8243; _builder_version=\u00bb4.5.1&#8243; _module_preset=\u00bbdefault\u00bb global_colors_info=\u00bb{}\u00bb][et_pb_text _builder_version=\u00bb4.5.1&#8243; _module_preset=\u00bbdefault\u00bb custom_margin=\u00bb||-9px|99px||\u00bb custom_padding=\u00bb|||10px||\u00bb global_colors_info=\u00bb{}\u00bb]<\/p>\n<h4><span style=\"color: #000000;\">Descarga la investigaci\u00f3n<\/span><\/h4>\n<p>[\/et_pb_text][\/et_pb_column_inner][\/et_pb_row_inner][et_pb_row_inner column_structure=\u00bb1_3,1_3,1_3&#8243; _builder_version=\u00bb4.5.1&#8243; _module_preset=\u00bbdefault\u00bb width=\u00bb100%\u00bb custom_margin=\u00bb-21px|||||\u00bb custom_padding=\u00bb11px|35px||196px||\u00bb global_colors_info=\u00bb{}\u00bb][et_pb_column_inner type=\u00bb1_3&#8243; saved_specialty_column_type=\u00bb1_2&#8243; _builder_version=\u00bb4.5.1&#8243; _module_preset=\u00bbdefault\u00bb global_colors_info=\u00bb{}\u00bb][et_pb_button button_url=\u00bb\/wp-content\/uploads\/2020\/07\/ATT_ENGLISH_South-Sudan-Case-Study-1.pdf\u00bb button_text=\u00bbIngl\u00e9s\u00bb _builder_version=\u00bb4.11.4&#8243; _dynamic_attributes=\u00bbbutton_url\u00bb _module_preset=\u00bbdefault\u00bb custom_button=\u00bbon\u00bb button_text_size=\u00bb15px\u00bb hover_enabled=\u00bb0&#8243; global_colors_info=\u00bb{}\u00bb sticky_enabled=\u00bb0&#8243;][\/et_pb_button][\/et_pb_column_inner][et_pb_column_inner type=\u00bb1_3&#8243; saved_specialty_column_type=\u00bb1_2&#8243; _builder_version=\u00bb4.5.1&#8243; _module_preset=\u00bbdefault\u00bb global_colors_info=\u00bb{}\u00bb][\/et_pb_column_inner][et_pb_column_inner type=\u00bb1_3&#8243; saved_specialty_column_type=\u00bb1_2&#8243; _builder_version=\u00bb4.5.1&#8243; _module_preset=\u00bbdefault\u00bb global_colors_info=\u00bb{}\u00bb][\/et_pb_column_inner][\/et_pb_row_inner][\/et_pb_column][\/et_pb_section]<\/p>\n","protected":false},"excerpt":{"rendered":"<p>El primer estudio de caso del Monitor del TCA explora c\u00f3mo la entrada en vigor del TCA podr\u00eda marcar una diferencia significativa en el conflicto de Sud\u00e1n del Sur. Sud\u00e1n del Sur ha sufrido un conflicto armado interno y transfronterizo tanto antes como desde la independencia del pa\u00eds en 2011. M\u00e1s de dos millones de [&hellip;]<\/p>\n","protected":false},"author":1,"featured_media":0,"parent":0,"menu_order":0,"comment_status":"closed","ping_status":"closed","template":"","meta":{"_et_pb_use_builder":"on","_et_pb_old_content":"","_et_gb_content_width":"","_monsterinsights_skip_tracking":false,"_monsterinsights_sitenote_active":false,"_monsterinsights_sitenote_note":"","_monsterinsights_sitenote_category":0,"footnotes":""},"class_list":["post-2159","page","type-page","status-publish","hentry"],"aioseo_notices":[],"_links":{"self":[{"href":"https:\/\/attmonitor.org\/es\/wp-json\/wp\/v2\/pages\/2159","targetHints":{"allow":["GET"]}}],"collection":[{"href":"https:\/\/attmonitor.org\/es\/wp-json\/wp\/v2\/pages"}],"about":[{"href":"https:\/\/attmonitor.org\/es\/wp-json\/wp\/v2\/types\/page"}],"author":[{"embeddable":true,"href":"https:\/\/attmonitor.org\/es\/wp-json\/wp\/v2\/users\/1"}],"replies":[{"embeddable":true,"href":"https:\/\/attmonitor.org\/es\/wp-json\/wp\/v2\/comments?post=2159"}],"version-history":[{"count":10,"href":"https:\/\/attmonitor.org\/es\/wp-json\/wp\/v2\/pages\/2159\/revisions"}],"predecessor-version":[{"id":4266,"href":"https:\/\/attmonitor.org\/es\/wp-json\/wp\/v2\/pages\/2159\/revisions\/4266"}],"wp:attachment":[{"href":"https:\/\/attmonitor.org\/es\/wp-json\/wp\/v2\/media?parent=2159"}],"curies":[{"name":"wp","href":"https:\/\/api.w.org\/{rel}","templated":true}]}}