{"id":2057,"date":"2021-09-30T12:46:32","date_gmt":"2021-09-30T12:46:32","guid":{"rendered":"https:\/\/smdla.tk\/acerca-del-monitor-del-tca\/"},"modified":"2021-09-30T12:46:35","modified_gmt":"2021-09-30T12:46:35","slug":"acerca-del-monitor-del-tca","status":"publish","type":"page","link":"https:\/\/attmonitor.org\/es\/acerca-del-monitor-del-tca\/","title":{"rendered":"Acerca del Monitor del TCA"},"content":{"rendered":"<p>[et_pb_section fb_built=\u00bb1&#8243; fullwidth=\u00bbon\u00bb _builder_version=\u00bb4.5.1&#8243; _module_preset=\u00bbdefault\u00bb locked=\u00bboff\u00bb global_colors_info=\u00bb{}\u00bb][et_pb_fullwidth_image src=\u00bbhttps:\/\/attmonitor.org\/wp-content\/uploads\/2020\/07\/b-e1595570238700.png\u00bb title_text=\u00bbb\u00bb _builder_version=\u00bb4.5.1&#8243; _module_preset=\u00bbdefault\u00bb global_colors_info=\u00bb{}\u00bb][\/et_pb_fullwidth_image][\/et_pb_section][et_pb_section fb_built=\u00bb1&#8243; _builder_version=\u00bb4.5.1&#8243; _module_preset=\u00bbdefault\u00bb global_colors_info=\u00bb{}\u00bb][et_pb_row _builder_version=\u00bb4.5.1&#8243; _module_preset=\u00bbdefault\u00bb custom_padding=\u00bb0px|||||\u00bb global_colors_info=\u00bb{}\u00bb][et_pb_column type=\u00bb4_4&#8243; _builder_version=\u00bb4.5.1&#8243; _module_preset=\u00bbdefault\u00bb global_colors_info=\u00bb{}\u00bb][et_pb_post_title meta=\u00bboff\u00bb featured_image=\u00bboff\u00bb _builder_version=\u00bb4.5.1&#8243; _module_preset=\u00bbdefault\u00bb custom_margin=\u00bb||24px|||\u00bb global_colors_info=\u00bb{}\u00bb][\/et_pb_post_title][et_pb_divider color=\u00bb#e02b20&#8243; divider_weight=\u00bb2px\u00bb _builder_version=\u00bb4.5.1&#8243; _module_preset=\u00bbdefault\u00bb width=\u00bb15%\u00bb locked=\u00bboff\u00bb global_colors_info=\u00bb{}\u00bb][\/et_pb_divider][et_pb_text _builder_version=\u00bb4.5.1&#8243; _module_preset=\u00bbdefault\u00bb custom_margin=\u00bb-14px|||||\u00bb global_colors_info=\u00bb{}\u00bb]<\/p>\n<p>Nuestra Misi\u00f3n<\/p>\n<p><span style=\"font-weight: 400;\">El Monitor del TCA es el mecanismo de monitoreo internacional de facto para el Tratado sobre el Comercio de Armas (TCA) y sirve como fuente de informaci\u00f3n sobre la implementaci\u00f3n y el cumplimiento del tratado. La investigaci\u00f3n y an\u00e1lisis autoritativo y cuantitativo sirven para fortalecer los esfuerzos de implementaci\u00f3n del Tratado y mejorar la transparencia del comercio de armas convencionales. \u00a0<\/span><\/p>\n<p><span style=\"font-weight: 400;\">Los informes anuales del Monitor del TCA, la publicaci\u00f3n emblem\u00e1tica del proyecto, hace un balance de las pr\u00e1cticas existentes, crea mayor transparencia en la forma en que se implementa el Tratado, informa el trabajo de la Conferencia de Estados Partes y las reuniones entre sesiones, y garantiza la responsabilidad de los compromisos del Tratado.\u00a0<\/span><\/p>\n<p><span style=\"font-weight: 400;\">El Monitor del TCA produce investigaciones para sus audiencias clave: responsables de pol\u00edticas gubernamentales, funcionarios de exportaci\u00f3n, sociedad civil y organizaciones internacionales, as\u00ed como los medios de comunicaci\u00f3n y el p\u00fablico en general.\u00a0<\/span><\/p>\n<p><span style=\"font-weight: 400;\">El monitor del TCA produce los siguientes resultados de investigaci\u00f3n: <\/span><\/p>\n<ul>\n<li><span style=\"font-weight: 400;\"> Informes Anuales del Monitor del TCA\u00a0<\/span><\/li>\n<li><span style=\"font-weight: 400;\"> Perfiles de pa\u00edses que proporcionan an\u00e1lisis de las pr\u00e1cticas de informes y transferencia de cada Estado Parte informante\u00a0<\/span><\/li>\n<li><span style=\"font-weight: 400;\"> Estudios de casos <\/span><\/li>\n<li><span style=\"font-weight: 400;\"> Documentos informativos <\/span><\/li>\n<li><span style=\"font-weight: 400;\"> Hojas informativas <\/span><\/li>\n<\/ul>\n<p><span style=\"font-weight: 400;\">El Monitor del TCA cumple las necesidades de investigaci\u00f3n de los interesados \u200b\u200bdel TCA al: <\/span><\/p>\n<ul>\n<li><span style=\"font-weight: 400;\"> Sintetizar informaci\u00f3n y analizar tendencias y desarrollos sobre el cumplimiento del TCA para avanzar en la universalizaci\u00f3n e implementaci\u00f3n del Tratado.\u00a0<\/span><\/li>\n<li><span style=\"font-weight: 400;\"> Evaluar las normas de presentaci\u00f3n de informes nacionales (art\u00edculo 13) y los compromisos de transparencia pertinentes.\u00a0<\/span><\/li>\n<li><span style=\"font-weight: 400;\"> Proporcionar an\u00e1lisis pa\u00eds por pa\u00eds sobre las pr\u00e1cticas de informes y transferencias.\u00a0<\/span><\/li>\n<li><span style=\"font-weight: 400;\"> Identificar patrones y tendencias de exportaciones \/ importaciones de armas convencionales e informarlas seg\u00fan los criterios del TCA. <\/span><\/li>\n<li><span style=\"font-weight: 400;\"> Hacer que los resultados de la investigaci\u00f3n est\u00e9n disponibles en forma impresa y en l\u00ednea, en formatos f\u00e1ciles de usar, y traducir publicaciones clave a idiomas que no est\u00e9n en ingl\u00e9s.\u00a0<\/span><\/li>\n<li><span style=\"font-weight: 400;\"> Mantener una red global de expertos que contribuyen a los resultados del Monitor del TCA a trav\u00e9s del Grupo de Referencia Internacional (IRG) y contribuyen al desarrollo del contenido del Monitor del TCA a trav\u00e9s del Equipo Editorial.\u00a0<\/span><\/li>\n<\/ul>\n<p><span style=\"font-weight: 400;\">Esta informaci\u00f3n se utiliza para:\u00a0<\/span><\/p>\n<p>&nbsp;<\/p>\n<ul>\n<li><span style=\"font-weight: 400;\"> Avanzar en la universalizaci\u00f3n e implementaci\u00f3n del TCA.\u00a0<\/span><\/li>\n<li><span style=\"font-weight: 400;\"> Identificar desaf\u00edos clave para avanzar en la aceptaci\u00f3n global de las normas del TCA y su implementaci\u00f3n completa y proponer pasos para abordar estos desaf\u00edos.\u00a0<\/span><\/li>\n<li><span style=\"font-weight: 400;\"> Proporcionar recomendaciones para la planificaci\u00f3n de pol\u00edticas gubernamentales y la toma de decisiones.\u00a0<\/span><\/li>\n<li> Provide a research-based tool to civil society for use in developing advocacy campaigns and capacity-building and training programmes<\/li>\n<\/ul>\n<p>[\/et_pb_text][\/et_pb_column][\/et_pb_row][\/et_pb_section]<\/p>\n","protected":false},"excerpt":{"rendered":"<p>Nuestra Misi\u00f3n El Monitor del TCA es el mecanismo de monitoreo internacional de facto para el Tratado sobre el Comercio de Armas (TCA) y sirve como fuente de informaci\u00f3n sobre la implementaci\u00f3n y el cumplimiento del tratado. La investigaci\u00f3n y an\u00e1lisis autoritativo y cuantitativo sirven para fortalecer los esfuerzos de implementaci\u00f3n del Tratado y mejorar [&hellip;]<\/p>\n","protected":false},"author":1,"featured_media":0,"parent":0,"menu_order":0,"comment_status":"closed","ping_status":"closed","template":"","meta":{"_et_pb_use_builder":"on","_et_pb_old_content":"","_et_gb_content_width":"","_monsterinsights_skip_tracking":false,"_monsterinsights_sitenote_active":false,"_monsterinsights_sitenote_note":"","_monsterinsights_sitenote_category":0,"footnotes":""},"class_list":["post-2057","page","type-page","status-publish","hentry"],"aioseo_notices":[],"_links":{"self":[{"href":"https:\/\/attmonitor.org\/es\/wp-json\/wp\/v2\/pages\/2057","targetHints":{"allow":["GET"]}}],"collection":[{"href":"https:\/\/attmonitor.org\/es\/wp-json\/wp\/v2\/pages"}],"about":[{"href":"https:\/\/attmonitor.org\/es\/wp-json\/wp\/v2\/types\/page"}],"author":[{"embeddable":true,"href":"https:\/\/attmonitor.org\/es\/wp-json\/wp\/v2\/users\/1"}],"replies":[{"embeddable":true,"href":"https:\/\/attmonitor.org\/es\/wp-json\/wp\/v2\/comments?post=2057"}],"version-history":[{"count":0,"href":"https:\/\/attmonitor.org\/es\/wp-json\/wp\/v2\/pages\/2057\/revisions"}],"wp:attachment":[{"href":"https:\/\/attmonitor.org\/es\/wp-json\/wp\/v2\/media?parent=2057"}],"curies":[{"name":"wp","href":"https:\/\/api.w.org\/{rel}","templated":true}]}}