{"id":2052,"date":"2021-09-30T12:03:07","date_gmt":"2021-09-30T12:03:07","guid":{"rendered":"https:\/\/smdla.tk\/en\/home\/"},"modified":"2022-10-25T00:18:14","modified_gmt":"2022-10-24T22:18:14","slug":"home","status":"publish","type":"page","link":"https:\/\/attmonitor.org\/es\/","title":{"rendered":"Inicio"},"content":{"rendered":"<p>[et_pb_section fb_built=\u00bb1&#8243; module_class=\u00bbpa-parallax-background-image-position\u00bb _builder_version=\u00bb4.16&#8243; background_image=\u00bbhttps:\/\/attmonitor.org\/wp-content\/uploads\/2020\/07\/016.png\u00bb parallax=\u00bbon\u00bb parallax_method=\u00bboff\u00bb custom_padding=\u00bb17px||255px|||\u00bb global_colors_info=\u00bb{}\u00bb][et_pb_row _builder_version=\u00bb4.16&#8243; custom_margin=\u00bb5px|auto||auto||\u00bb global_colors_info=\u00bb{}\u00bb][et_pb_column type=\u00bb4_4&#8243; _builder_version=\u00bb4.16&#8243; global_colors_info=\u00bb{}\u00bb][et_pb_text _builder_version=\u00bb4.16&#8243; text_font=\u00bbVerdana|700|||||||\u00bb text_text_color=\u00bb#ffffff\u00bb text_font_size=\u00bb50px\u00bb text_line_height=\u00bb1.25em\u00bb custom_padding=\u00bb150px|||||\u00bb global_colors_info=\u00bb{}\u00bb]<\/p>\n<p style=\"text-align: center;\"><span>Seguimiento al cumplimiento y la implementaci\u00f3n del TCA<\/span><\/p>\n<p>[\/et_pb_text][et_pb_text _builder_version=\u00bb4.16&#8243; _module_preset=\u00bbdefault\u00bb text_orientation=\u00bbcenter\u00bb global_colors_info=\u00bb{}\u00bb]<\/p>\n<h5><a class=\"vp-s vp-yt-type\" href=\"https:\/\/www.youtube.com\/watch?v=7eEGAqiB1pQ&amp;t=2s\" data-dwrap=\"1\"><img loading=\"lazy\" decoding=\"async\" src=\"https:\/\/attmonitor.org\/wp-content\/uploads\/2020\/10\/Roab8-150x150.png\" width=\"100\" height=\"100\" alt=\"\" class=\"wp-image-2042 aligncenter size-thumbnail\" srcset=\"https:\/\/attmonitor.org\/wp-content\/uploads\/2020\/10\/Roab8-150x150.png 150w, https:\/\/attmonitor.org\/wp-content\/uploads\/2020\/10\/Roab8-12x12.png 12w, https:\/\/attmonitor.org\/wp-content\/uploads\/2020\/10\/Roab8.png 220w\" sizes=\"(max-width: 100px) 100vw, 100px\" \/><span style=\"color: #ffffff;\"><strong><\/strong><\/span><\/a><\/h5>\n<h5><span style=\"color: #ffffff;\"><strong><\/strong><\/span><\/h5>\n<h5><span style=\"text-decoration: underline; color: #ffffff;\"><a class=\"vp-s vp-yt-type\" href=\"https:\/\/www.youtube.com\/watch?v=7eEGAqiB1pQ&amp;t=2s\" data-dwrap=\"1\" style=\"color: #ffffff;\"><strong>Vea el v\u00eddeo para aprender m\u00e1s<\/strong><\/a><\/span><\/h5>\n<p>[\/et_pb_text][\/et_pb_column][\/et_pb_row][\/et_pb_section][et_pb_section fb_built=\u00bb1&#8243; _builder_version=\u00bb4.18.0&#8243; background_color=\u00bbrgba(224,43,32,0.52)\u00bb min_height=\u00bb285px\u00bb custom_margin=\u00bb-208px|500px|5px|500px|false|false\u00bb custom_padding=\u00bb||0px|||\u00bb hover_enabled=\u00bb0&#8243; global_colors_info=\u00bb{}\u00bb custom_margin_last_edited=\u00bbon|phone\u00bb custom_margin_tablet=\u00bb-208px|150px|5px|150px|false|false\u00bb sticky_enabled=\u00bb0&#8243; custom_margin_phone=\u00bb|30px||30px|false|false\u00bb][et_pb_row _builder_version=\u00bb4.16&#8243; min_height=\u00bb143px\u00bb custom_margin=\u00bb-10px|auto||auto||\u00bb custom_padding=\u00bb0px||0px|||\u00bb global_colors_info=\u00bb{}\u00bb][et_pb_column type=\u00bb4_4&#8243; _builder_version=\u00bb4.16&#8243; global_colors_info=\u00bb{}\u00bb][et_pb_text _builder_version=\u00bb4.16&#8243; text_font=\u00bb|600|||||||\u00bb text_text_color=\u00bb#ffffff\u00bb text_orientation=\u00bbcenter\u00bb min_height=\u00bb104px\u00bb global_colors_info=\u00bb{}\u00bb]<\/p>\n<p><span>El Monitor del TCA es un recurso global, basado en la sociedad civil, que proporciona an\u00e1lisis e informaci\u00f3n independientes sobre la efectividad del TCA, y que apoya la implementaci\u00f3n y la adhesi\u00f3n al Tratado.<\/span><\/p>\n<p>[\/et_pb_text][\/et_pb_column][\/et_pb_row][\/et_pb_section][et_pb_section fb_built=\u00bb1&#8243; _builder_version=\u00bb4.18.0&#8243; min_height=\u00bb591px\u00bb custom_margin=\u00bb58px||-45px||false|false\u00bb custom_padding=\u00bb32px||0px|167px||\u00bb hover_enabled=\u00bb0&#8243; global_colors_info=\u00bb{}\u00bb custom_padding_last_edited=\u00bbon|phone\u00bb custom_padding_tablet=\u00bb32px||0px|0px|false|false\u00bb sticky_enabled=\u00bb0&#8243; custom_padding_phone=\u00bb32px||0px|0px|false|false\u00bb][et_pb_row column_structure=\u00bb1_3,1_3,1_3&#8243; _builder_version=\u00bb4.16&#8243; global_colors_info=\u00bb{}\u00bb][et_pb_column type=\u00bb1_3&#8243; _builder_version=\u00bb4.16&#8243; _module_preset=\u00bbdefault\u00bb global_colors_info=\u00bb{}\u00bb][et_pb_blurb title=\u00bbVER: Presentaci\u00f3n del informe ATT Monitor 2021&#8243; image=\u00bbhttps:\/\/attmonitor.org\/wp-content\/uploads\/2021\/09\/Screen-Shot-2021-09-10-at-09.47.29.png\u00bb content_max_width=\u00bb250px\u00bb _builder_version=\u00bb4.16&#8243; _module_preset=\u00bbdefault\u00bb header_text_align=\u00bbleft\u00bb header_text_color=\u00bb#e02b20&#8243; header_font_size=\u00bb18px\u00bb body_font_size=\u00bb12px\u00bb body_line_height=\u00bb1.6em\u00bb width=\u00bb92.7%\u00bb custom_margin=\u00bb|||-30px||\u00bb custom_padding=\u00bb||0px||false|false\u00bb link_option_url=\u00bbhttps:\/\/attmonitor.org\/project\/2005\/\u00bb link_option_url_new_window=\u00bbon\u00bb border_color_all=\u00bb#d6d6d6&#8243; box_shadow_style_image=\u00bbpreset6&#8243; global_colors_info=\u00bb{}\u00bb]<\/p>\n<p>En el acto paralelo se present\u00f3 el informe ATT Monitor 2021, que inclu\u00eda un debate sobre la gesti\u00f3n de los arsenales como mecanismo clave para hacer frente al tr\u00e1fico il\u00edcito de armas peque\u00f1as y ligeras (APAL) y un an\u00e1lisis de los datos de los informes anuales del TCA durante cinco a\u00f1os, en el que se examinaba el grado de transparencia de los informes anuales de los Estados Parte y si han contribuido a la transparencia en consonancia con el objeto y la finalidad del Tratado.<\/span><\/p>\n<p>[\/et_pb_blurb][\/et_pb_column][et_pb_column type=\u00bb1_3&#8243; _builder_version=\u00bb4.16&#8243; global_colors_info=\u00bb{}\u00bb][et_pb_blurb title=\u00bbEl informe 2021 \u00bb url_new_window=\u00bbon\u00bb image=\u00bbhttps:\/\/attmonitor.org\/wp-content\/uploads\/2021\/09\/Screen-Shot-2021-09-10-at-09.29.39.png\u00bb content_max_width=\u00bb250px\u00bb _builder_version=\u00bb4.16&#8243; _module_preset=\u00bbdefault\u00bb header_text_align=\u00bbleft\u00bb header_text_color=\u00bb#e02b20&#8243; header_font_size=\u00bb18px\u00bb body_font_size=\u00bb12px\u00bb body_line_height=\u00bb1.6em\u00bb link_option_url=\u00bbhttps:\/\/attmonitor.org\/the-2021-report\/\u00bb border_color_all=\u00bb#d6d6d6&#8243; global_colors_info=\u00bb{}\u00bb]<\/p>\n<p><span>El informe ATT Monitor 2021 ofrece un an\u00e1lisis general de las pr\u00e1cticas de presentaci\u00f3n de informes, incluyendo una mirada en profundidad a los informes iniciales y anuales del TCA. <\/span><\/p>\n<p><span>El Monitor del TCA tambi\u00e9n explora la gesti\u00f3n de los arsenales como mecanismo clave para abordar el tr\u00e1fico il\u00edcito de armas peque\u00f1as y ligeras (APAL) y destaca las sinergias entre las disposiciones del TCA y otros marcos mundiales de control de armas.<\/span><\/p>\n<p><span><\/span><\/p>\n<p><span><\/span><\/p>\n<p>[\/et_pb_blurb][\/et_pb_column][et_pb_column type=\u00bb1_3&#8243; _builder_version=\u00bb4.16&#8243; global_colors_info=\u00bb{}\u00bb][\/et_pb_column][\/et_pb_row][\/et_pb_section][et_pb_section fb_built=\u00bb1&#8243; _builder_version=\u00bb4.16&#8243; background_image=\u00bbhttps:\/\/attmonitor.org\/wp-content\/uploads\/2020\/07\/twitter_bg_header1.png\u00bb parallax=\u00bbon\u00bb parallax_method=\u00bboff\u00bb min_height=\u00bb485px\u00bb custom_margin=\u00bb40px||||false|false\u00bb custom_padding=\u00bb150px||19px||false|false\u00bb global_colors_info=\u00bb{}\u00bb][et_pb_row _builder_version=\u00bb4.16&#8243; global_colors_info=\u00bb{}\u00bb][et_pb_column type=\u00bb4_4&#8243; _builder_version=\u00bb4.16&#8243; global_colors_info=\u00bb{}\u00bb][et_pb_button button_text=\u00bbLEA NUESTROS ESTUDIOS E INFORMES\u00bb button_alignment=\u00bbcenter\u00bb _builder_version=\u00bb4.16&#8243; custom_button=\u00bbon\u00bb button_text_color=\u00bb#ffffff\u00bb button_bg_color=\u00bb#e02b20&#8243; button_border_color=\u00bb#e02b20&#8243; button_font=\u00bb|700|||||||\u00bb background_layout=\u00bbdark\u00bb global_colors_info=\u00bb{}\u00bb button_border_color__hover_enabled=\u00bbon|hover\u00bb button_border_color__hover=\u00bb#ffffff\u00bb][\/et_pb_button][\/et_pb_column][\/et_pb_row][\/et_pb_section][et_pb_section fb_built=\u00bb1&#8243; _builder_version=\u00bb4.16&#8243; custom_padding=\u00bb||17px|||\u00bb global_colors_info=\u00bb{}\u00bb][et_pb_row _builder_version=\u00bb4.16&#8243; custom_margin=\u00bb-30px|auto||auto||\u00bb global_colors_info=\u00bb{}\u00bb][et_pb_column type=\u00bb4_4&#8243; _builder_version=\u00bb4.16&#8243; global_colors_info=\u00bb{}\u00bb][et_pb_text _builder_version=\u00bb4.16&#8243; _module_preset=\u00bbdefault\u00bb header_font=\u00bbVerdana|600|||||||\u00bb header_font_size=\u00bb24px\u00bb custom_padding=\u00bb5px||||false|false\u00bb global_colors_info=\u00bb{}\u00bb]<\/p>\n<h4 style=\"text-align: center;\"><strong>EL MONITOR DEL TCA ES UN PROYECTO DE<\/strong><\/h4>\n<h4 style=\"text-align: center;\"><strong>\u00a0<a href=\"https:\/\/controlarms.org\"><img loading=\"lazy\" decoding=\"async\" class=\"alignnone wp-image-2045 size-full\" src=\"https:\/\/attmonitor.org\/wp-content\/uploads\/2020\/07\/fold3-logo1.png\" alt=\"\" width=\"176\" height=\"35\" \/><\/a><\/strong><\/h4>\n<p>[\/et_pb_text][\/et_pb_column][\/et_pb_row][\/et_pb_section]<\/p>\n","protected":false},"excerpt":{"rendered":"<p>Seguimiento al cumplimiento y la implementaci\u00f3n del TCA Vea el v\u00eddeo para aprender m\u00e1sEl Monitor del TCA es un recurso global, basado en la sociedad civil, que proporciona an\u00e1lisis e informaci\u00f3n independientes sobre la efectividad del TCA, y que apoya la implementaci\u00f3n y la adhesi\u00f3n al Tratado.En el acto paralelo se present\u00f3 el informe ATT [&hellip;]<\/p>\n","protected":false},"author":1,"featured_media":0,"parent":0,"menu_order":0,"comment_status":"closed","ping_status":"closed","template":"","meta":{"_et_pb_use_builder":"on","_et_pb_old_content":"","_et_gb_content_width":"","_monsterinsights_skip_tracking":false,"_monsterinsights_sitenote_active":false,"_monsterinsights_sitenote_note":"","_monsterinsights_sitenote_category":0,"footnotes":""},"class_list":["post-2052","page","type-page","status-publish","hentry"],"aioseo_notices":[],"_links":{"self":[{"href":"https:\/\/attmonitor.org\/es\/wp-json\/wp\/v2\/pages\/2052","targetHints":{"allow":["GET"]}}],"collection":[{"href":"https:\/\/attmonitor.org\/es\/wp-json\/wp\/v2\/pages"}],"about":[{"href":"https:\/\/attmonitor.org\/es\/wp-json\/wp\/v2\/types\/page"}],"author":[{"embeddable":true,"href":"https:\/\/attmonitor.org\/es\/wp-json\/wp\/v2\/users\/1"}],"replies":[{"embeddable":true,"href":"https:\/\/attmonitor.org\/es\/wp-json\/wp\/v2\/comments?post=2052"}],"version-history":[{"count":4,"href":"https:\/\/attmonitor.org\/es\/wp-json\/wp\/v2\/pages\/2052\/revisions"}],"predecessor-version":[{"id":5751,"href":"https:\/\/attmonitor.org\/es\/wp-json\/wp\/v2\/pages\/2052\/revisions\/5751"}],"wp:attachment":[{"href":"https:\/\/attmonitor.org\/es\/wp-json\/wp\/v2\/media?parent=2052"}],"curies":[{"name":"wp","href":"https:\/\/api.w.org\/{rel}","templated":true}]}}